{"id":24945,"date":"2025-07-23T08:08:10","date_gmt":"2025-07-23T08:08:10","guid":{"rendered":"https:\/\/asiaingestoria.com\/preguntas-frecuentes\/"},"modified":"2025-07-28T06:26:40","modified_gmt":"2025-07-28T06:26:40","slug":"ohiko-galderak","status":"publish","type":"page","link":"https:\/\/asiaingestoria.com\/eu\/ohiko-galderak\/","title":{"rendered":"Ohiko galderak"},"content":{"rendered":"\t\t<div data-elementor-type=\"wp-page\" data-elementor-id=\"24945\" class=\"elementor elementor-24945 elementor-24364\">\n\t\t\t\t<div class=\"elementor-element elementor-element-d3cbc3c e-flex e-con-boxed e-con e-parent\" data-id=\"d3cbc3c\" data-element_type=\"container\" data-e-type=\"container\">\n\t\t\t\t\t<div class=\"e-con-inner\">\n\t\t<div class=\"elementor-element elementor-element-3072ed57 e-con-full e-flex e-con e-child\" data-id=\"3072ed57\" data-element_type=\"container\" data-e-type=\"container\">\n\t\t<div class=\"elementor-element elementor-element-3b74a651 e-con-full e-flex e-con e-child\" data-id=\"3b74a651\" data-element_type=\"container\" data-e-type=\"container\">\n\t\t\t\t<div class=\"elementor-element elementor-element-2f4bb113 animated-fast elementor-invisible elementor-widget elementor-widget-elementskit-heading\" data-id=\"2f4bb113\" data-element_type=\"widget\" data-e-type=\"widget\" data-settings=\"{&quot;_animation&quot;:&quot;fadeIn&quot;,&quot;ekit_we_effect_on&quot;:&quot;none&quot;}\" data-widget_type=\"elementskit-heading.default\">\n\t\t\t\t\t<div class=\"ekit-wid-con\" ><div class=\"ekit-heading elementskit-section-title-wraper text_center   ekit_heading_tablet-   ekit_heading_mobile-\"><h2 class=\"ekit-heading--title elementskit-section-title \">Ohiko galderak<\/h2>\t\t\t\t<div class='ekit-heading__description'>\n\t\t\t\t\t<p class=\"elementor-heading-title elementor-size-default\">Ibilgailuak, zergak eta atzerritartasuna argitzeko ohiko galderak. Erantzuna aurkitzen ez baduzu, jarri gurekin harremanetan.<\/p>\n\t\t\t\t<\/div>\n\t\t\t<\/div><\/div>\t\t\t\t<\/div>\n\t\t\t\t<\/div>\n\t\t<div class=\"elementor-element elementor-element-725804f3 e-con-full e-flex e-con e-child\" data-id=\"725804f3\" data-element_type=\"container\" data-e-type=\"container\">\n\t\t<div class=\"elementor-element elementor-element-72292e3 e-con-full elementor-hidden-tablet elementor-hidden-mobile e-flex e-con e-child\" data-id=\"72292e3\" data-element_type=\"container\" data-e-type=\"container\">\n\t\t\t\t<\/div>\n\t\t<div class=\"elementor-element elementor-element-e40428a e-con-full e-flex e-con e-child\" data-id=\"e40428a\" data-element_type=\"container\" data-e-type=\"container\">\n\t\t\t\t<div class=\"elementor-element elementor-element-5d344884 animated-fast elementor-invisible elementor-widget elementor-widget-elementskit-accordion\" data-id=\"5d344884\" data-element_type=\"widget\" data-e-type=\"widget\" data-settings=\"{&quot;_animation&quot;:&quot;fadeIn&quot;,&quot;ekit_we_effect_on&quot;:&quot;none&quot;}\" data-widget_type=\"elementskit-accordion.default\">\n\t\t\t\t\t<div class=\"ekit-wid-con\" >\n        <div class=\"elementskit-accordion accoedion-primary\" id=\"accordion-69d04a77a737b\">\n\n            \n                <div class=\"elementskit-card active\">\n                    <div class=\"elementskit-card-header\" id=\"primaryHeading-0-5d344884\">\n                        <a href=\"#collapse-bc2283069d04a77a737b\" class=\"ekit-accordion--toggler elementskit-btn-link collapsed\" data-ekit-toggle=\"collapse\" data-target=\"#Collapse-bc2283069d04a77a737b\" aria-expanded=\"true\" aria-controls=\"Collapse-bc2283069d04a77a737b\">\n                            \n                            <span class=\"ekit-accordion-title\">1. Zenbat denbora behar da ibilgailu-transferentzia egiteko?<\/span>\n\n                            \n                                <div class=\"ekit_accordion_icon_group\">\n                                    <div class=\"ekit_accordion_normal_icon\">\n                                        <!-- Normal Icon -->\n\t\t\t\t\t\t\t\t\t\t<i class=\"icon icon-chevron-down\"><\/i>                                    <\/div>\n\n                                    <div class=\"ekit_accordion_active_icon\">\n                                        <!-- Active Icon -->\n\t\t\t\t\t\t\t\t\t\t<i class=\"icon icon-chevron-up\"><\/i>                                    <\/div>\n                                <\/div>\n\n                            \n                                                    <\/a>\n                    <\/div>\n\n                    <div id=\"Collapse-bc2283069d04a77a737b\" class=\" show collapse\" aria-labelledby=\"primaryHeading-0-5d344884\" data-parent=\"#accordion-69d04a77a737b\">\n\n                        <div class=\"elementskit-card-body ekit-accordion--content\">\n                            <p>24 lanorduetan aldi baterako baimena izango duzu.<\/p>                        <\/div>\n\n                    <\/div>\n\n                <\/div><!-- .elementskit-card END -->\n\n                \n                <div class=\"elementskit-card \">\n                    <div class=\"elementskit-card-header\" id=\"primaryHeading-1-5d344884\">\n                        <a href=\"#collapse-8417e7169d04a77a737b\" class=\"ekit-accordion--toggler elementskit-btn-link collapsed\" data-ekit-toggle=\"collapse\" data-target=\"#Collapse-8417e7169d04a77a737b\" aria-expanded=\"false\" aria-controls=\"Collapse-8417e7169d04a77a737b\">\n                            \n                            <span class=\"ekit-accordion-title\">2. Atzerrian lan eginda, egin dezaket errenta?<\/span>\n\n                            \n                                <div class=\"ekit_accordion_icon_group\">\n                                    <div class=\"ekit_accordion_normal_icon\">\n                                        <!-- Normal Icon -->\n\t\t\t\t\t\t\t\t\t\t<i class=\"icon icon-chevron-down\"><\/i>                                    <\/div>\n\n                                    <div class=\"ekit_accordion_active_icon\">\n                                        <!-- Active Icon -->\n\t\t\t\t\t\t\t\t\t\t<i class=\"icon icon-chevron-up\"><\/i>                                    <\/div>\n                                <\/div>\n\n                            \n                                                    <\/a>\n                    <\/div>\n\n                    <div id=\"Collapse-8417e7169d04a77a737b\" class=\" collapse\" aria-labelledby=\"primaryHeading-1-5d344884\" data-parent=\"#accordion-69d04a77a737b\">\n\n                        <div class=\"elementskit-card-body ekit-accordion--content\">\n                            <p>Bai, bikoiztasun-hitzarmenak aztertzen ditugu eta kenkariak aplikatzen ditugu.<\/p>                        <\/div>\n\n                    <\/div>\n\n                <\/div><!-- .elementskit-card END -->\n\n                \n                <div class=\"elementskit-card \">\n                    <div class=\"elementskit-card-header\" id=\"primaryHeading-2-5d344884\">\n                        <a href=\"#collapse-3dad4e069d04a77a737b\" class=\"ekit-accordion--toggler elementskit-btn-link collapsed\" data-ekit-toggle=\"collapse\" data-target=\"#Collapse-3dad4e069d04a77a737b\" aria-expanded=\"false\" aria-controls=\"Collapse-3dad4e069d04a77a737b\">\n                            \n                            <span class=\"ekit-accordion-title\">3. Zer dokumentu behar dut AIZ-a lortzeko?<\/span>\n\n                            \n                                <div class=\"ekit_accordion_icon_group\">\n                                    <div class=\"ekit_accordion_normal_icon\">\n                                        <!-- Normal Icon -->\n\t\t\t\t\t\t\t\t\t\t<i class=\"icon icon-chevron-down\"><\/i>                                    <\/div>\n\n                                    <div class=\"ekit_accordion_active_icon\">\n                                        <!-- Active Icon -->\n\t\t\t\t\t\t\t\t\t\t<i class=\"icon icon-chevron-up\"><\/i>                                    <\/div>\n                                <\/div>\n\n                            \n                                                    <\/a>\n                    <\/div>\n\n                    <div id=\"Collapse-3dad4e069d04a77a737b\" class=\" collapse\" aria-labelledby=\"primaryHeading-2-5d344884\" data-parent=\"#accordion-69d04a77a737b\">\n\n                        <div class=\"elementskit-card-body ekit-accordion--content\">\n                            <p>Indarreko pasaportea, argazkiak eta baliabide ekonomikoen frogagiria. Zerrenda osoa bidaliko dizugu.<\/p>                        <\/div>\n\n                    <\/div>\n\n                <\/div><!-- .elementskit-card END -->\n\n                \n                <div class=\"elementskit-card \">\n                    <div class=\"elementskit-card-header\" id=\"primaryHeading-3-5d344884\">\n                        <a href=\"#collapse-ecc498569d04a77a737b\" class=\"ekit-accordion--toggler elementskit-btn-link collapsed\" data-ekit-toggle=\"collapse\" data-target=\"#Collapse-ecc498569d04a77a737b\" aria-expanded=\"false\" aria-controls=\"Collapse-ecc498569d04a77a737b\">\n                            \n                            <span class=\"ekit-accordion-title\">4. Kit Digital laguntzak kudeatzen dituzue?<\/span>\n\n                            \n                                <div class=\"ekit_accordion_icon_group\">\n                                    <div class=\"ekit_accordion_normal_icon\">\n                                        <!-- Normal Icon -->\n\t\t\t\t\t\t\t\t\t\t<i class=\"icon icon-chevron-down\"><\/i>                                    <\/div>\n\n                                    <div class=\"ekit_accordion_active_icon\">\n                                        <!-- Active Icon -->\n\t\t\t\t\t\t\t\t\t\t<i class=\"icon icon-chevron-up\"><\/i>                                    <\/div>\n                                <\/div>\n\n                            \n                                                    <\/a>\n                    <\/div>\n\n                    <div id=\"Collapse-ecc498569d04a77a737b\" class=\" collapse\" aria-labelledby=\"primaryHeading-3-5d344884\" data-parent=\"#accordion-69d04a77a737b\">\n\n                        <div class=\"elementskit-card-body ekit-accordion--content\">\n                            <p>Bai, baldintzak aztertu, eskaria aurkeztu eta diru-laguntza justifikatzen dugu.<\/p>                        <\/div>\n\n                    <\/div>\n\n                <\/div><!-- .elementskit-card END -->\n\n                \n                <div class=\"elementskit-card \">\n                    <div class=\"elementskit-card-header\" id=\"primaryHeading-4-5d344884\">\n                        <a href=\"#collapse-af2712069d04a77a737b\" class=\"ekit-accordion--toggler elementskit-btn-link collapsed\" data-ekit-toggle=\"collapse\" data-target=\"#Collapse-af2712069d04a77a737b\" aria-expanded=\"false\" aria-controls=\"Collapse-af2712069d04a77a737b\">\n                            \n                            <span class=\"ekit-accordion-title\">5. Online zerbitzurik eskaintzen duzue?<\/span>\n\n                            \n                                <div class=\"ekit_accordion_icon_group\">\n                                    <div class=\"ekit_accordion_normal_icon\">\n                                        <!-- Normal Icon -->\n\t\t\t\t\t\t\t\t\t\t<i class=\"icon icon-chevron-down\"><\/i>                                    <\/div>\n\n                                    <div class=\"ekit_accordion_active_icon\">\n                                        <!-- Active Icon -->\n\t\t\t\t\t\t\t\t\t\t<i class=\"icon icon-chevron-up\"><\/i>                                    <\/div>\n                                <\/div>\n\n                            \n                                                    <\/a>\n                    <\/div>\n\n                    <div id=\"Collapse-af2712069d04a77a737b\" class=\" collapse\" aria-labelledby=\"primaryHeading-4-5d344884\" data-parent=\"#accordion-69d04a77a737b\">\n\n                        <div class=\"elementskit-card-body ekit-accordion--content\">\n                            <p>Bai: sinadura elektronikoa, dokumentu-ataila eta ordainketa seguruak.<\/p>                        <\/div>\n\n                    <\/div>\n\n                <\/div><!-- .elementskit-card END -->\n\n                                        <\/div>\n    <\/div>\t\t\t\t<\/div>\n\t\t\t\t<\/div>\n\t\t<div class=\"elementor-element elementor-element-897b9c1 e-con-full elementor-hidden-tablet elementor-hidden-mobile e-flex e-con e-child\" data-id=\"897b9c1\" data-element_type=\"container\" data-e-type=\"container\">\n\t\t\t\t<\/div>\n\t\t\t\t<\/div>\n\t\t\t\t<\/div>\n\t\t\t\t\t<\/div>\n\t\t\t\t<\/div>\n\t\t<div class=\"elementor-element elementor-element-f7e4c5f e-flex e-con-boxed e-con e-parent\" data-id=\"f7e4c5f\" data-element_type=\"container\" data-e-type=\"container\" data-settings=\"{&quot;background_background&quot;:&quot;classic&quot;}\">\n\t\t\t\t\t<div class=\"e-con-inner\">\n\t\t<div class=\"elementor-element elementor-element-f1276f9 e-con-full e-flex e-con e-child\" data-id=\"f1276f9\" data-element_type=\"container\" data-e-type=\"container\">\n\t\t<div class=\"elementor-element elementor-element-61a1b4c e-con-full elementor-hidden-tablet elementor-hidden-mobile e-flex e-con e-child\" data-id=\"61a1b4c\" data-element_type=\"container\" data-e-type=\"container\" data-settings=\"{&quot;background_background&quot;:&quot;classic&quot;}\">\n\t\t<div class=\"elementor-element elementor-element-62a8abe e-con-full e-flex e-con e-child\" data-id=\"62a8abe\" data-element_type=\"container\" data-e-type=\"container\">\n\t\t\t\t<div class=\"elementor-element elementor-element-ba93837 elementor-widget__width-initial animated-fast elementor-invisible elementor-widget elementor-widget-elementskit-heading\" data-id=\"ba93837\" data-element_type=\"widget\" data-e-type=\"widget\" data-settings=\"{&quot;_animation&quot;:&quot;fadeIn&quot;,&quot;ekit_we_effect_on&quot;:&quot;none&quot;}\" data-widget_type=\"elementskit-heading.default\">\n\t\t\t\t\t<div class=\"ekit-wid-con\" ><div class=\"ekit-heading elementskit-section-title-wraper text_left   ekit_heading_tablet-   ekit_heading_mobile-\"><h2 class=\"ekit-heading--title elementskit-section-title \">Zalantzarik? Jarri gurekin harremanetan, 24 ordutan erantzungo dizugu.<\/h2><\/div><\/div>\t\t\t\t<\/div>\n\t\t\t\t<\/div>\n\t\t<div class=\"elementor-element elementor-element-a513f8f e-con-full e-flex e-con e-child\" data-id=\"a513f8f\" data-element_type=\"container\" data-e-type=\"container\">\n\t\t\t\t<div class=\"elementor-element elementor-element-6ea2f2e elementor-align-left elementor-widget__width-auto animated-fast elementor-invisible elementor-widget elementor-widget-elementskit-button\" data-id=\"6ea2f2e\" data-element_type=\"widget\" data-e-type=\"widget\" data-settings=\"{&quot;_animation&quot;:&quot;pulse&quot;,&quot;_animation_delay&quot;:100,&quot;ekit_we_effect_on&quot;:&quot;none&quot;}\" data-widget_type=\"elementskit-button.default\">\n\t\t\t\t\t<div class=\"ekit-wid-con\" >\t\t<div class=\"ekit-btn-wraper\">\n\t\t\t\t\t\t\t<a href=\"https:\/\/asiaingestoria.com\/eu\/kontaktua\/\" class=\"elementskit-btn  whitespace--normal\" id=\"\">\n\t\t\t\t\tZalantzak argitu<i class=\"icon icon-right-arrow\"><\/i>\t\t\t\t<\/a>\n\t\t\t\t\t<\/div>\n        <\/div>\t\t\t\t<\/div>\n\t\t\t\t<\/div>\n\t\t\t\t<\/div>\n\t\t<div class=\"elementor-element elementor-element-0744bd9 e-con-full elementor-hidden-desktop elementor-hidden-tablet_extra e-flex e-con e-child\" data-id=\"0744bd9\" data-element_type=\"container\" data-e-type=\"container\" data-settings=\"{&quot;background_background&quot;:&quot;classic&quot;}\">\n\t\t<div class=\"elementor-element elementor-element-3cce1aa e-con-full e-flex e-con e-child\" data-id=\"3cce1aa\" data-element_type=\"container\" data-e-type=\"container\">\n\t\t\t\t<div class=\"elementor-element elementor-element-678ff4b elementor-widget__width-initial animated-fast elementor-hidden-desktop elementor-invisible elementor-widget elementor-widget-elementskit-heading\" data-id=\"678ff4b\" data-element_type=\"widget\" data-e-type=\"widget\" data-settings=\"{&quot;_animation&quot;:&quot;fadeIn&quot;,&quot;ekit_we_effect_on&quot;:&quot;none&quot;}\" data-widget_type=\"elementskit-heading.default\">\n\t\t\t\t\t<div class=\"ekit-wid-con\" ><div class=\"ekit-heading elementskit-section-title-wraper text_left   ekit_heading_tablet-   ekit_heading_mobile-\"><h2 class=\"ekit-heading--title elementskit-section-title \">Zalantzarik? Jarri gurekin harremanetan, 24 ordutan erantzungo dizugu.<\/h2><\/div><\/div>\t\t\t\t<\/div>\n\t\t\t\t<\/div>\n\t\t<div class=\"elementor-element elementor-element-1f05788 e-con-full e-flex e-con e-child\" data-id=\"1f05788\" data-element_type=\"container\" data-e-type=\"container\">\n\t\t\t\t<div class=\"elementor-element elementor-element-3b59f68 elementor-align-left elementor-widget__width-auto animated-fast elementor-invisible elementor-widget elementor-widget-elementskit-button\" data-id=\"3b59f68\" data-element_type=\"widget\" data-e-type=\"widget\" data-settings=\"{&quot;_animation&quot;:&quot;pulse&quot;,&quot;_animation_delay&quot;:100,&quot;ekit_we_effect_on&quot;:&quot;none&quot;}\" data-widget_type=\"elementskit-button.default\">\n\t\t\t\t\t<div class=\"ekit-wid-con\" >\t\t<div class=\"ekit-btn-wraper\">\n\t\t\t\t\t\t\t<a href=\"https:\/\/asiaingestoria.com\/eu\/kontaktua\/\" class=\"elementskit-btn  whitespace--normal\" id=\"\">\n\t\t\t\t\tZalantzak argitu<i class=\"icon icon-right-arrow\"><\/i>\t\t\t\t<\/a>\n\t\t\t\t\t<\/div>\n        <\/div>\t\t\t\t<\/div>\n\t\t\t\t<\/div>\n\t\t\t\t<\/div>\n\t\t\t\t<\/div>\n\t\t\t\t\t<\/div>\n\t\t\t\t<\/div>\n\t\t\t\t<\/div>\n\t\t","protected":false},"excerpt":{"rendered":"<p>Ohiko galderak Ibilgailuak, zergak eta atzerritartasuna argitzeko ohiko galderak. Erantzuna aurkitzen ez baduzu, jarri gurekin harremanetan. 1. Zenbat denbora behar da ibilgailu-transferentzia egiteko? 24 lanorduetan aldi baterako baimena izango duzu. 2. Atzerrian lan eginda, egin dezaket errenta? Bai, bikoiztasun-hitzarmenak aztertzen ditugu eta kenkariak aplikatzen ditugu. 3. Zer dokumentu behar dut AIZ-a lortzeko? Indarreko pasaportea, argazkiak [&hellip;]<\/p>\n","protected":false},"author":3,"featured_media":0,"parent":0,"menu_order":4,"comment_status":"closed","ping_status":"closed","template":"","meta":{"footnotes":""},"class_list":["post-24945","page","type-page","status-publish","hentry"],"yoast_head":"<!-- This site is optimized with the Yoast SEO plugin v26.9 - https:\/\/yoast.com\/product\/yoast-seo-wordpress\/ -->\n<title>Ohiko galderak - Asiain Gestor\u00eda<\/title>\n<meta name=\"description\" content=\"Ibilgailuak, zergak eta atzerritartasuna argitzeko ohiko galderak. Erantzuna aurkitzen ez baduzu, jarri gurekin harremanetan.\" \/>\n<meta name=\"robots\" content=\"index, follow, max-snippet:-1, max-image-preview:large, max-video-preview:-1\" \/>\n<link rel=\"canonical\" href=\"https:\/\/asiaingestoria.com\/eu\/ohiko-galderak\/\" \/>\n<meta property=\"og:locale\" content=\"eu_ES\" \/>\n<meta property=\"og:type\" content=\"article\" \/>\n<meta property=\"og:title\" content=\"Ohiko galderak - Asiain Gestor\u00eda\" \/>\n<meta property=\"og:description\" content=\"Ibilgailuak, zergak eta atzerritartasuna argitzeko ohiko galderak. Erantzuna aurkitzen ez baduzu, jarri gurekin harremanetan.\" \/>\n<meta property=\"og:url\" content=\"https:\/\/asiaingestoria.com\/eu\/ohiko-galderak\/\" \/>\n<meta property=\"og:site_name\" content=\"Asiain Gestor\u00eda\" \/>\n<meta property=\"article:modified_time\" content=\"2025-07-28T06:26:40+00:00\" \/>\n<meta name=\"twitter:card\" content=\"summary_large_image\" \/>\n<meta name=\"twitter:label1\" content=\"Est. reading time\" \/>\n\t<meta name=\"twitter:data1\" content=\"1 minute\" \/>\n<script type=\"application\/ld+json\" class=\"yoast-schema-graph\">{\"@context\":\"https:\/\/schema.org\",\"@graph\":[{\"@type\":\"WebPage\",\"@id\":\"https:\/\/asiaingestoria.com\/eu\/ohiko-galderak\/\",\"url\":\"https:\/\/asiaingestoria.com\/eu\/ohiko-galderak\/\",\"name\":\"Ohiko galderak - Asiain Gestor\u00eda\",\"isPartOf\":{\"@id\":\"https:\/\/asiaingestoria.com\/#website\"},\"datePublished\":\"2025-07-23T08:08:10+00:00\",\"dateModified\":\"2025-07-28T06:26:40+00:00\",\"description\":\"Ibilgailuak, zergak eta atzerritartasuna argitzeko ohiko galderak. Erantzuna aurkitzen ez baduzu, jarri gurekin harremanetan.\",\"breadcrumb\":{\"@id\":\"https:\/\/asiaingestoria.com\/eu\/ohiko-galderak\/#breadcrumb\"},\"inLanguage\":\"eu-ES\",\"potentialAction\":[{\"@type\":\"ReadAction\",\"target\":[\"https:\/\/asiaingestoria.com\/eu\/ohiko-galderak\/\"]}]},{\"@type\":\"BreadcrumbList\",\"@id\":\"https:\/\/asiaingestoria.com\/eu\/ohiko-galderak\/#breadcrumb\",\"itemListElement\":[{\"@type\":\"ListItem\",\"position\":1,\"name\":\"Portada\",\"item\":\"https:\/\/asiaingestoria.com\/eu\/\"},{\"@type\":\"ListItem\",\"position\":2,\"name\":\"Ohiko galderak\"}]},{\"@type\":\"WebSite\",\"@id\":\"https:\/\/asiaingestoria.com\/#website\",\"url\":\"https:\/\/asiaingestoria.com\/\",\"name\":\"Asiain Gestor\u00eda\",\"description\":\"Tr\u00e1mites r\u00e1pidos y seguros\",\"publisher\":{\"@id\":\"https:\/\/asiaingestoria.com\/#organization\"},\"potentialAction\":[{\"@type\":\"SearchAction\",\"target\":{\"@type\":\"EntryPoint\",\"urlTemplate\":\"https:\/\/asiaingestoria.com\/?s={search_term_string}\"},\"query-input\":{\"@type\":\"PropertyValueSpecification\",\"valueRequired\":true,\"valueName\":\"search_term_string\"}}],\"inLanguage\":\"eu-ES\"},{\"@type\":\"Organization\",\"@id\":\"https:\/\/asiaingestoria.com\/#organization\",\"name\":\"Asiain Gestor\u00eda\",\"url\":\"https:\/\/asiaingestoria.com\/\",\"logo\":{\"@type\":\"ImageObject\",\"inLanguage\":\"eu-ES\",\"@id\":\"https:\/\/asiaingestoria.com\/#\/schema\/logo\/image\/\",\"url\":\"https:\/\/asiaingestoria.com\/wp-content\/uploads\/2023\/11\/LOGO-ASIAIN-1.png\",\"contentUrl\":\"https:\/\/asiaingestoria.com\/wp-content\/uploads\/2023\/11\/LOGO-ASIAIN-1.png\",\"width\":474,\"height\":179,\"caption\":\"Asiain Gestor\u00eda\"},\"image\":{\"@id\":\"https:\/\/asiaingestoria.com\/#\/schema\/logo\/image\/\"}}]}<\/script>\n<!-- \/ Yoast SEO plugin. -->","yoast_head_json":{"title":"Ohiko galderak - Asiain Gestor\u00eda","description":"Ibilgailuak, zergak eta atzerritartasuna argitzeko ohiko galderak. Erantzuna aurkitzen ez baduzu, jarri gurekin harremanetan.","robots":{"index":"index","follow":"follow","max-snippet":"max-snippet:-1","max-image-preview":"max-image-preview:large","max-video-preview":"max-video-preview:-1"},"canonical":"https:\/\/asiaingestoria.com\/eu\/ohiko-galderak\/","og_locale":"eu_ES","og_type":"article","og_title":"Ohiko galderak - Asiain Gestor\u00eda","og_description":"Ibilgailuak, zergak eta atzerritartasuna argitzeko ohiko galderak. Erantzuna aurkitzen ez baduzu, jarri gurekin harremanetan.","og_url":"https:\/\/asiaingestoria.com\/eu\/ohiko-galderak\/","og_site_name":"Asiain Gestor\u00eda","article_modified_time":"2025-07-28T06:26:40+00:00","twitter_card":"summary_large_image","twitter_misc":{"Est. reading time":"1 minute"},"schema":{"@context":"https:\/\/schema.org","@graph":[{"@type":"WebPage","@id":"https:\/\/asiaingestoria.com\/eu\/ohiko-galderak\/","url":"https:\/\/asiaingestoria.com\/eu\/ohiko-galderak\/","name":"Ohiko galderak - Asiain Gestor\u00eda","isPartOf":{"@id":"https:\/\/asiaingestoria.com\/#website"},"datePublished":"2025-07-23T08:08:10+00:00","dateModified":"2025-07-28T06:26:40+00:00","description":"Ibilgailuak, zergak eta atzerritartasuna argitzeko ohiko galderak. Erantzuna aurkitzen ez baduzu, jarri gurekin harremanetan.","breadcrumb":{"@id":"https:\/\/asiaingestoria.com\/eu\/ohiko-galderak\/#breadcrumb"},"inLanguage":"eu-ES","potentialAction":[{"@type":"ReadAction","target":["https:\/\/asiaingestoria.com\/eu\/ohiko-galderak\/"]}]},{"@type":"BreadcrumbList","@id":"https:\/\/asiaingestoria.com\/eu\/ohiko-galderak\/#breadcrumb","itemListElement":[{"@type":"ListItem","position":1,"name":"Portada","item":"https:\/\/asiaingestoria.com\/eu\/"},{"@type":"ListItem","position":2,"name":"Ohiko galderak"}]},{"@type":"WebSite","@id":"https:\/\/asiaingestoria.com\/#website","url":"https:\/\/asiaingestoria.com\/","name":"Asiain Gestor\u00eda","description":"Tr\u00e1mites r\u00e1pidos y seguros","publisher":{"@id":"https:\/\/asiaingestoria.com\/#organization"},"potentialAction":[{"@type":"SearchAction","target":{"@type":"EntryPoint","urlTemplate":"https:\/\/asiaingestoria.com\/?s={search_term_string}"},"query-input":{"@type":"PropertyValueSpecification","valueRequired":true,"valueName":"search_term_string"}}],"inLanguage":"eu-ES"},{"@type":"Organization","@id":"https:\/\/asiaingestoria.com\/#organization","name":"Asiain Gestor\u00eda","url":"https:\/\/asiaingestoria.com\/","logo":{"@type":"ImageObject","inLanguage":"eu-ES","@id":"https:\/\/asiaingestoria.com\/#\/schema\/logo\/image\/","url":"https:\/\/asiaingestoria.com\/wp-content\/uploads\/2023\/11\/LOGO-ASIAIN-1.png","contentUrl":"https:\/\/asiaingestoria.com\/wp-content\/uploads\/2023\/11\/LOGO-ASIAIN-1.png","width":474,"height":179,"caption":"Asiain Gestor\u00eda"},"image":{"@id":"https:\/\/asiaingestoria.com\/#\/schema\/logo\/image\/"}}]}},"_links":{"self":[{"href":"https:\/\/asiaingestoria.com\/eu\/wp-json\/wp\/v2\/pages\/24945","targetHints":{"allow":["GET"]}}],"collection":[{"href":"https:\/\/asiaingestoria.com\/eu\/wp-json\/wp\/v2\/pages"}],"about":[{"href":"https:\/\/asiaingestoria.com\/eu\/wp-json\/wp\/v2\/types\/page"}],"author":[{"embeddable":true,"href":"https:\/\/asiaingestoria.com\/eu\/wp-json\/wp\/v2\/users\/3"}],"replies":[{"embeddable":true,"href":"https:\/\/asiaingestoria.com\/eu\/wp-json\/wp\/v2\/comments?post=24945"}],"version-history":[{"count":10,"href":"https:\/\/asiaingestoria.com\/eu\/wp-json\/wp\/v2\/pages\/24945\/revisions"}],"predecessor-version":[{"id":25101,"href":"https:\/\/asiaingestoria.com\/eu\/wp-json\/wp\/v2\/pages\/24945\/revisions\/25101"}],"wp:attachment":[{"href":"https:\/\/asiaingestoria.com\/eu\/wp-json\/wp\/v2\/media?parent=24945"}],"curies":[{"name":"wp","href":"https:\/\/api.w.org\/{rel}","templated":true}]}}