{"id":24950,"date":"2023-11-23T14:06:54","date_gmt":"2023-11-23T14:06:54","guid":{"rendered":"https:\/\/asiaingestoria.com\/contacto\/"},"modified":"2025-07-28T06:32:28","modified_gmt":"2025-07-28T06:32:28","slug":"kontaktua","status":"publish","type":"page","link":"https:\/\/asiaingestoria.com\/eu\/kontaktua\/","title":{"rendered":"Kontaktua"},"content":{"rendered":"\t\t<div data-elementor-type=\"wp-page\" data-elementor-id=\"24950\" class=\"elementor elementor-24950 elementor-23457\">\n\t\t\t\t<div class=\"elementor-element elementor-element-db14fd0 e-flex e-con-boxed e-con e-parent\" data-id=\"db14fd0\" data-element_type=\"container\" data-e-type=\"container\" data-settings=\"{&quot;background_background&quot;:&quot;classic&quot;}\">\n\t\t\t\t\t<div class=\"e-con-inner\">\n\t\t<div class=\"elementor-element elementor-element-fdfeb52 e-con-full e-flex e-con e-child\" data-id=\"fdfeb52\" data-element_type=\"container\" data-e-type=\"container\">\n\t\t<div class=\"elementor-element elementor-element-e422878 e-con-full e-flex e-con e-child\" data-id=\"e422878\" data-element_type=\"container\" data-e-type=\"container\">\n\t\t\t\t<div class=\"elementor-element elementor-element-f758c7d animated-fast elementor-widget__width-initial elementor-invisible elementor-widget elementor-widget-elementskit-heading\" data-id=\"f758c7d\" data-element_type=\"widget\" data-e-type=\"widget\" data-settings=\"{&quot;_animation&quot;:&quot;fadeIn&quot;,&quot;_animation_delay&quot;:100,&quot;ekit_we_effect_on&quot;:&quot;css&quot;}\" data-widget_type=\"elementskit-heading.default\">\n\t\t\t\t\t<div class=\"ekit-wid-con\" ><div class=\"ekit-heading elementskit-section-title-wraper text_left   ekit_heading_tablet-   ekit_heading_mobile-text_left\"><h2 class=\"ekit-heading--title elementskit-section-title \">Kontaktua<\/h2><\/div><\/div>\t\t\t\t<\/div>\n\t\t\t\t<\/div>\n\t\t<div class=\"elementor-element elementor-element-29dbc27 e-con-full e-flex e-con e-child\" data-id=\"29dbc27\" data-element_type=\"container\" data-e-type=\"container\">\n\t\t\t\t<div class=\"elementor-element elementor-element-f8c2584 animated-fast elementor-invisible elementor-widget elementor-widget-elementskit-heading\" data-id=\"f8c2584\" data-element_type=\"widget\" data-e-type=\"widget\" data-settings=\"{&quot;_animation&quot;:&quot;fadeIn&quot;,&quot;_animation_delay&quot;:200,&quot;ekit_we_effect_on&quot;:&quot;none&quot;}\" data-widget_type=\"elementskit-heading.default\">\n\t\t\t\t\t<div class=\"ekit-wid-con\" ><div class=\"ekit-heading elementskit-section-title-wraper text_left   ekit_heading_tablet-   ekit_heading_mobile-\">\t\t\t\t<div class='ekit-heading__description'>\n\t\t\t\t\t<p>Deitu, idatzi edo bisita gaitzazu Azpeitian. Ordutegi zabala eta arreta euskaraz zein gaztelaniaz.<\/p>\n<p><strong>Astelehenetik ostiralera 8:30 - 18:00etara bitartean aurki gaitzakezu. Doako aparkalekua 2 minutura.<\/strong><\/p>\n\t\t\t\t<\/div>\n\t\t\t<\/div><\/div>\t\t\t\t<\/div>\n\t\t\t\t<\/div>\n\t\t\t\t<\/div>\n\t\t<div class=\"elementor-element elementor-element-f050e24 e-con-full e-flex e-con e-child\" data-id=\"f050e24\" data-element_type=\"container\" data-e-type=\"container\">\n\t\t<div class=\"elementor-element elementor-element-4936de8 e-con-full e-flex e-con e-child\" data-id=\"4936de8\" data-element_type=\"container\" data-e-type=\"container\">\n\t\t\t\t<div class=\"elementor-element elementor-element-6d2913a widget-link-underline animated-fast ekit-equal-height-enable elementor-invisible elementor-widget elementor-widget-elementskit-icon-box\" data-id=\"6d2913a\" data-element_type=\"widget\" data-e-type=\"widget\" data-settings=\"{&quot;_animation&quot;:&quot;fadeInUp&quot;,&quot;_animation_delay&quot;:100,&quot;ekit_we_effect_on&quot;:&quot;none&quot;}\" data-widget_type=\"elementskit-icon-box.default\">\n\t\t\t\t\t<div class=\"ekit-wid-con\" >        <!-- link opening -->\n                <!-- end link opening -->\n\n        <div class=\"elementskit-infobox text-center text-center icon-top-align elementor-animation-float   \">\n                    <div class=\"elementskit-box-header elementor-animation-\">\n                <div class=\"elementskit-info-box-icon  \">\n                    <i aria-hidden=\"true\" class=\"elementkit-infobox-icon icon icon-phone-call2\"><\/i>\n                <\/div>\n          <\/div>\n                        <div class=\"box-body\">\n                            <h4 class=\"elementskit-info-box-title\">\n                    Dei gaitzazu                <\/h4>\n                                                    <div class=\"box-footer disable_hover_button\">\n                    <div class=\"btn-wraper\">\n                                                            <a class=\"elementskit-btn whitespace--normal\" href=\"tel:943811182\">\n                                        943 81 11 82                                    <\/a>\n                                                        <\/div>\n                <\/div>\n                    <\/div>\n        \n        \n                <\/div>\n        <\/div>\t\t\t\t<\/div>\n\t\t\t\t<\/div>\n\t\t<div class=\"elementor-element elementor-element-f74561a e-con-full e-flex e-con e-child\" data-id=\"f74561a\" data-element_type=\"container\" data-e-type=\"container\">\n\t\t\t\t<div class=\"elementor-element elementor-element-16a25f1 widget-link-underline animated-fast ekit-equal-height-enable elementor-invisible elementor-widget elementor-widget-elementskit-icon-box\" data-id=\"16a25f1\" data-element_type=\"widget\" data-e-type=\"widget\" data-settings=\"{&quot;_animation&quot;:&quot;fadeInUp&quot;,&quot;_animation_delay&quot;:200,&quot;ekit_we_effect_on&quot;:&quot;none&quot;}\" data-widget_type=\"elementskit-icon-box.default\">\n\t\t\t\t\t<div class=\"ekit-wid-con\" >        <!-- link opening -->\n                <!-- end link opening -->\n\n        <div class=\"elementskit-infobox text-center text-center icon-top-align elementor-animation-float   \">\n                    <div class=\"elementskit-box-header elementor-animation-\">\n                <div class=\"elementskit-info-box-icon  \">\n                    <i aria-hidden=\"true\" class=\"elementkit-infobox-icon icon icon-email\"><\/i>\n                <\/div>\n          <\/div>\n                        <div class=\"box-body\">\n                            <h4 class=\"elementskit-info-box-title\">\n                    Idatz gaitzazu                <\/h4>\n                                                    <div class=\"box-footer disable_hover_button\">\n                    <div class=\"btn-wraper\">\n                                                            <a class=\"elementskit-btn whitespace--normal\" href=\"mailto:info@asiaingestoria.com\">\n                                        info@asiaingestoria.com                                    <\/a>\n                                                        <\/div>\n                <\/div>\n                    <\/div>\n        \n        \n                <\/div>\n        <\/div>\t\t\t\t<\/div>\n\t\t\t\t<\/div>\n\t\t<div class=\"elementor-element elementor-element-52f3c96 e-con-full e-flex e-con e-child\" data-id=\"52f3c96\" data-element_type=\"container\" data-e-type=\"container\">\n\t\t\t\t<div class=\"elementor-element elementor-element-10027aa widget-link-underline animated-fast ekit-equal-height-enable elementor-invisible elementor-widget elementor-widget-elementskit-icon-box\" data-id=\"10027aa\" data-element_type=\"widget\" data-e-type=\"widget\" data-settings=\"{&quot;_animation&quot;:&quot;fadeInUp&quot;,&quot;_animation_delay&quot;:300,&quot;ekit_we_effect_on&quot;:&quot;none&quot;}\" data-widget_type=\"elementskit-icon-box.default\">\n\t\t\t\t\t<div class=\"ekit-wid-con\" >        <!-- link opening -->\n                <!-- end link opening -->\n\n        <div class=\"elementskit-infobox text-center text-center icon-top-align elementor-animation-float   \">\n                    <div class=\"elementskit-box-header elementor-animation-\">\n                <div class=\"elementskit-info-box-icon  \">\n                    <i aria-hidden=\"true\" class=\"elementkit-infobox-icon icon icon-map-marker\"><\/i>\n                <\/div>\n          <\/div>\n                        <div class=\"box-body\">\n                            <h4 class=\"elementskit-info-box-title\">\n                    Nola iritsi                <\/h4>\n                                                    <div class=\"box-footer disable_hover_button\">\n                    <div class=\"btn-wraper\">\n                                                            <a class=\"elementskit-btn whitespace--normal\" href=\"https:\/\/maps.app.goo.gl\/4wbhoZSFbnPovUjV7\" target=\"_blank\">\n                                        Enparan kalea 27, 20730 Azpeitia                                    <\/a>\n                                                        <\/div>\n                <\/div>\n                    <\/div>\n        \n        \n                <\/div>\n        <\/div>\t\t\t\t<\/div>\n\t\t\t\t<\/div>\n\t\t\t\t<\/div>\n\t\t\t\t\t<\/div>\n\t\t\t\t<\/div>\n\t\t<div class=\"elementor-element elementor-element-323cdbcd e-flex e-con-boxed e-con e-parent\" data-id=\"323cdbcd\" data-element_type=\"container\" data-e-type=\"container\" data-settings=\"{&quot;background_background&quot;:&quot;gradient&quot;}\">\n\t\t\t\t\t<div class=\"e-con-inner\">\n\t\t<div class=\"elementor-element elementor-element-a786787 e-con-full e-flex e-con e-child\" data-id=\"a786787\" data-element_type=\"container\" data-e-type=\"container\">\n\t\t<div class=\"elementor-element elementor-element-33da81ef e-con-full e-flex e-con e-child\" data-id=\"33da81ef\" data-element_type=\"container\" data-e-type=\"container\" data-settings=\"{&quot;background_background&quot;:&quot;classic&quot;}\">\n\t\t<div class=\"elementor-element elementor-element-637372a3 e-con-full e-flex e-con e-child\" data-id=\"637372a3\" data-element_type=\"container\" data-e-type=\"container\" data-settings=\"{&quot;background_background&quot;:&quot;classic&quot;}\">\n\t\t\t\t<div class=\"elementor-element elementor-element-3eb100f9 animated-fast elementor-invisible elementor-widget elementor-widget-elementskit-heading\" data-id=\"3eb100f9\" data-element_type=\"widget\" data-e-type=\"widget\" data-settings=\"{&quot;_animation&quot;:&quot;fadeIn&quot;,&quot;ekit_we_effect_on&quot;:&quot;none&quot;}\" data-widget_type=\"elementskit-heading.default\">\n\t\t\t\t\t<div class=\"ekit-wid-con\" ><div class=\"ekit-heading elementskit-section-title-wraper text_left   ekit_heading_tablet-   ekit_heading_mobile-\">\t\t\t\t<div class='ekit-heading__description'>\n\t\t\t\t\t<p>Bidali zure kontsulta minutu baten barru. 24 ordutan erantzungo dizugu.<\/p>\n\t\t\t\t<\/div>\n\t\t\t<\/div><\/div>\t\t\t\t<\/div>\n\t\t\t\t<div class=\"elementor-element elementor-element-57de56e9 animated-fast elementor-invisible elementor-widget elementor-widget-elementskit-contact-form7\" data-id=\"57de56e9\" data-element_type=\"widget\" data-e-type=\"widget\" data-settings=\"{&quot;_animation&quot;:&quot;fadeIn&quot;,&quot;_animation_delay&quot;:100,&quot;ekit_we_effect_on&quot;:&quot;none&quot;}\" data-widget_type=\"elementskit-contact-form7.default\">\n\t\t\t\t\t<div class=\"ekit-wid-con\" ><div class=\"ekit-form\">\n<div class=\"wpcf7 no-js\" id=\"wpcf7-f25050-p24950-o1\" lang=\"es-ES\" dir=\"ltr\" data-wpcf7-id=\"25050\">\n<div class=\"screen-reader-response\"><p role=\"status\" aria-live=\"polite\" aria-atomic=\"true\"><\/p> <ul><\/ul><\/div>\n<form action=\"\/eu\/kontaktua\/#wpcf7-f25050-p24950-o1\" method=\"post\" class=\"wpcf7-form init\" aria-label=\"Contact form\" novalidate=\"novalidate\" data-status=\"init\">\n<fieldset class=\"hidden-fields-container\"><input type=\"hidden\" name=\"_wpcf7\" value=\"25050\" \/><input type=\"hidden\" name=\"_wpcf7_version\" value=\"6.1.5\" \/><input type=\"hidden\" name=\"_wpcf7_locale\" value=\"es_ES\" \/><input type=\"hidden\" name=\"_wpcf7_unit_tag\" value=\"wpcf7-f25050-p24950-o1\" \/><input type=\"hidden\" name=\"_wpcf7_container_post\" value=\"24950\" \/><input type=\"hidden\" name=\"_wpcf7_posted_data_hash\" value=\"\" \/>\n<\/fieldset>\n<p><span class=\"wpcf7-form-control-wrap\" data-name=\"nombre-completo\"><input size=\"40\" maxlength=\"400\" class=\"wpcf7-form-control wpcf7-text wpcf7-validates-as-required\" autocomplete=\"name\" aria-required=\"true\" aria-invalid=\"false\" value=\"Izena\" type=\"text\" name=\"nombre-completo\" \/><\/span>\n<\/p>\n<p><span class=\"wpcf7-form-control-wrap\" data-name=\"email\"><input size=\"40\" maxlength=\"400\" class=\"wpcf7-form-control wpcf7-email wpcf7-validates-as-required wpcf7-text wpcf7-validates-as-email\" autocomplete=\"email\" aria-required=\"true\" aria-invalid=\"false\" value=\"Emaila\" type=\"email\" name=\"email\" \/><\/span>\n<\/p>\n<p><span class=\"wpcf7-form-control-wrap\" data-name=\"asunto\"><input size=\"40\" maxlength=\"400\" class=\"wpcf7-form-control wpcf7-text\" aria-invalid=\"false\" value=\"Izenburua\" type=\"text\" name=\"asunto\" \/><\/span>\n<\/p>\n<p><span class=\"wpcf7-form-control-wrap\" data-name=\"consulta\"><textarea cols=\"40\" rows=\"10\" maxlength=\"2000\" class=\"wpcf7-form-control wpcf7-textarea\" aria-invalid=\"false\" name=\"consulta\">Mezua<\/textarea><\/span>\n<\/p>\n<p><span class=\"wpcf7-form-control-wrap\" data-name=\"acceptance-739\"><span class=\"wpcf7-form-control wpcf7-acceptance\"><span class=\"wpcf7-list-item\"><label><input type=\"checkbox\" name=\"acceptance-739\" value=\"1\" aria-invalid=\"false\" \/><span class=\"wpcf7-list-item-label\">Webguneko termino eta baldintzak onartzen ditut.<\/span><\/label><\/span><\/span><\/span>\n<\/p>\n<p><input class=\"wpcf7-form-control wpcf7-submit has-spinner\" type=\"submit\" value=\"Bidali\" \/>\n<\/p><div class=\"wpcf7-response-output\" aria-hidden=\"true\"><\/div>\n<\/form>\n<\/div>\n<\/div><\/div>\t\t\t\t<\/div>\n\t\t\t\t<\/div>\n\t\t<div class=\"elementor-element elementor-element-159d96a7 e-con-full e-flex e-con e-child\" data-id=\"159d96a7\" data-element_type=\"container\" data-e-type=\"container\" data-settings=\"{&quot;background_background&quot;:&quot;classic&quot;}\">\n\t\t\t\t<\/div>\n\t\t\t\t<\/div>\n\t\t\t\t<\/div>\n\t\t\t\t\t<\/div>\n\t\t\t\t<\/div>\n\t\t\t\t<\/div>\n\t\t","protected":false},"excerpt":{"rendered":"<p>Kontaktua Deitu, idatzi edo bisita gaitzazu Azpeitian. Ordutegi zabala eta arreta euskaraz zein gaztelaniaz. Astelehenetik ostiralera 8:30 &#8211; 18:00etara bitartean aurki gaitzakezu. Doako aparkalekua 2 minutura. Dei gaitzazu 943 81 11 82 Idatz gaitzazu info@asiaingestoria.com Nola iritsi Enparan kalea 27, 20730 Azpeitia Bidali zure kontsulta minutu baten barru. 24 ordutan erantzungo dizugu. Mezua Webguneko termino [&hellip;]<\/p>\n","protected":false},"author":3,"featured_media":0,"parent":0,"menu_order":5,"comment_status":"closed","ping_status":"closed","template":"","meta":{"footnotes":""},"class_list":["post-24950","page","type-page","status-publish","hentry"],"yoast_head":"<!-- This site is optimized with the Yoast SEO plugin v26.9 - https:\/\/yoast.com\/product\/yoast-seo-wordpress\/ -->\n<title>Kontaktua | Gestor\u00eda Asiain en Azpeitia<\/title>\n<meta name=\"description\" content=\"Deitu, idatzi edo bisita gaitzazu Azpeitian. Ordutegi zabala eta arreta euskaraz zein gaztelaniaz.\" \/>\n<meta name=\"robots\" content=\"index, follow, max-snippet:-1, max-image-preview:large, max-video-preview:-1\" \/>\n<link rel=\"canonical\" href=\"https:\/\/asiaingestoria.com\/eu\/kontaktua\/\" \/>\n<meta property=\"og:locale\" content=\"eu_ES\" \/>\n<meta property=\"og:type\" content=\"article\" \/>\n<meta property=\"og:title\" content=\"Kontaktua | Gestor\u00eda Asiain en Azpeitia\" \/>\n<meta property=\"og:description\" content=\"Deitu, idatzi edo bisita gaitzazu Azpeitian. Ordutegi zabala eta arreta euskaraz zein gaztelaniaz.\" \/>\n<meta property=\"og:url\" content=\"https:\/\/asiaingestoria.com\/eu\/kontaktua\/\" \/>\n<meta property=\"og:site_name\" content=\"Asiain Gestor\u00eda\" \/>\n<meta property=\"article:modified_time\" content=\"2025-07-28T06:32:28+00:00\" \/>\n<meta name=\"twitter:card\" content=\"summary_large_image\" \/>\n<meta name=\"twitter:label1\" content=\"Est. reading time\" \/>\n\t<meta name=\"twitter:data1\" content=\"1 minute\" \/>\n<script type=\"application\/ld+json\" class=\"yoast-schema-graph\">{\"@context\":\"https:\/\/schema.org\",\"@graph\":[{\"@type\":\"WebPage\",\"@id\":\"https:\/\/asiaingestoria.com\/eu\/kontaktua\/\",\"url\":\"https:\/\/asiaingestoria.com\/eu\/kontaktua\/\",\"name\":\"Kontaktua | Gestor\u00eda Asiain en Azpeitia\",\"isPartOf\":{\"@id\":\"https:\/\/asiaingestoria.com\/#website\"},\"datePublished\":\"2023-11-23T14:06:54+00:00\",\"dateModified\":\"2025-07-28T06:32:28+00:00\",\"description\":\"Deitu, idatzi edo bisita gaitzazu Azpeitian. Ordutegi zabala eta arreta euskaraz zein gaztelaniaz.\",\"breadcrumb\":{\"@id\":\"https:\/\/asiaingestoria.com\/eu\/kontaktua\/#breadcrumb\"},\"inLanguage\":\"eu-ES\",\"potentialAction\":[{\"@type\":\"ReadAction\",\"target\":[\"https:\/\/asiaingestoria.com\/eu\/kontaktua\/\"]}]},{\"@type\":\"BreadcrumbList\",\"@id\":\"https:\/\/asiaingestoria.com\/eu\/kontaktua\/#breadcrumb\",\"itemListElement\":[{\"@type\":\"ListItem\",\"position\":1,\"name\":\"Portada\",\"item\":\"https:\/\/asiaingestoria.com\/eu\/\"},{\"@type\":\"ListItem\",\"position\":2,\"name\":\"Kontaktua\"}]},{\"@type\":\"WebSite\",\"@id\":\"https:\/\/asiaingestoria.com\/#website\",\"url\":\"https:\/\/asiaingestoria.com\/\",\"name\":\"Asiain Gestor\u00eda\",\"description\":\"Tr\u00e1mites r\u00e1pidos y seguros\",\"publisher\":{\"@id\":\"https:\/\/asiaingestoria.com\/#organization\"},\"potentialAction\":[{\"@type\":\"SearchAction\",\"target\":{\"@type\":\"EntryPoint\",\"urlTemplate\":\"https:\/\/asiaingestoria.com\/?s={search_term_string}\"},\"query-input\":{\"@type\":\"PropertyValueSpecification\",\"valueRequired\":true,\"valueName\":\"search_term_string\"}}],\"inLanguage\":\"eu-ES\"},{\"@type\":\"Organization\",\"@id\":\"https:\/\/asiaingestoria.com\/#organization\",\"name\":\"Asiain Gestor\u00eda\",\"url\":\"https:\/\/asiaingestoria.com\/\",\"logo\":{\"@type\":\"ImageObject\",\"inLanguage\":\"eu-ES\",\"@id\":\"https:\/\/asiaingestoria.com\/#\/schema\/logo\/image\/\",\"url\":\"https:\/\/asiaingestoria.com\/wp-content\/uploads\/2023\/11\/LOGO-ASIAIN-1.png\",\"contentUrl\":\"https:\/\/asiaingestoria.com\/wp-content\/uploads\/2023\/11\/LOGO-ASIAIN-1.png\",\"width\":474,\"height\":179,\"caption\":\"Asiain Gestor\u00eda\"},\"image\":{\"@id\":\"https:\/\/asiaingestoria.com\/#\/schema\/logo\/image\/\"}}]}<\/script>\n<!-- \/ Yoast SEO plugin. -->","yoast_head_json":{"title":"Kontaktua | Gestor\u00eda Asiain en Azpeitia","description":"Deitu, idatzi edo bisita gaitzazu Azpeitian. Ordutegi zabala eta arreta euskaraz zein gaztelaniaz.","robots":{"index":"index","follow":"follow","max-snippet":"max-snippet:-1","max-image-preview":"max-image-preview:large","max-video-preview":"max-video-preview:-1"},"canonical":"https:\/\/asiaingestoria.com\/eu\/kontaktua\/","og_locale":"eu_ES","og_type":"article","og_title":"Kontaktua | Gestor\u00eda Asiain en Azpeitia","og_description":"Deitu, idatzi edo bisita gaitzazu Azpeitian. Ordutegi zabala eta arreta euskaraz zein gaztelaniaz.","og_url":"https:\/\/asiaingestoria.com\/eu\/kontaktua\/","og_site_name":"Asiain Gestor\u00eda","article_modified_time":"2025-07-28T06:32:28+00:00","twitter_card":"summary_large_image","twitter_misc":{"Est. reading time":"1 minute"},"schema":{"@context":"https:\/\/schema.org","@graph":[{"@type":"WebPage","@id":"https:\/\/asiaingestoria.com\/eu\/kontaktua\/","url":"https:\/\/asiaingestoria.com\/eu\/kontaktua\/","name":"Kontaktua | Gestor\u00eda Asiain en Azpeitia","isPartOf":{"@id":"https:\/\/asiaingestoria.com\/#website"},"datePublished":"2023-11-23T14:06:54+00:00","dateModified":"2025-07-28T06:32:28+00:00","description":"Deitu, idatzi edo bisita gaitzazu Azpeitian. Ordutegi zabala eta arreta euskaraz zein gaztelaniaz.","breadcrumb":{"@id":"https:\/\/asiaingestoria.com\/eu\/kontaktua\/#breadcrumb"},"inLanguage":"eu-ES","potentialAction":[{"@type":"ReadAction","target":["https:\/\/asiaingestoria.com\/eu\/kontaktua\/"]}]},{"@type":"BreadcrumbList","@id":"https:\/\/asiaingestoria.com\/eu\/kontaktua\/#breadcrumb","itemListElement":[{"@type":"ListItem","position":1,"name":"Portada","item":"https:\/\/asiaingestoria.com\/eu\/"},{"@type":"ListItem","position":2,"name":"Kontaktua"}]},{"@type":"WebSite","@id":"https:\/\/asiaingestoria.com\/#website","url":"https:\/\/asiaingestoria.com\/","name":"Asiain Gestor\u00eda","description":"Tr\u00e1mites r\u00e1pidos y seguros","publisher":{"@id":"https:\/\/asiaingestoria.com\/#organization"},"potentialAction":[{"@type":"SearchAction","target":{"@type":"EntryPoint","urlTemplate":"https:\/\/asiaingestoria.com\/?s={search_term_string}"},"query-input":{"@type":"PropertyValueSpecification","valueRequired":true,"valueName":"search_term_string"}}],"inLanguage":"eu-ES"},{"@type":"Organization","@id":"https:\/\/asiaingestoria.com\/#organization","name":"Asiain Gestor\u00eda","url":"https:\/\/asiaingestoria.com\/","logo":{"@type":"ImageObject","inLanguage":"eu-ES","@id":"https:\/\/asiaingestoria.com\/#\/schema\/logo\/image\/","url":"https:\/\/asiaingestoria.com\/wp-content\/uploads\/2023\/11\/LOGO-ASIAIN-1.png","contentUrl":"https:\/\/asiaingestoria.com\/wp-content\/uploads\/2023\/11\/LOGO-ASIAIN-1.png","width":474,"height":179,"caption":"Asiain Gestor\u00eda"},"image":{"@id":"https:\/\/asiaingestoria.com\/#\/schema\/logo\/image\/"}}]}},"_links":{"self":[{"href":"https:\/\/asiaingestoria.com\/eu\/wp-json\/wp\/v2\/pages\/24950","targetHints":{"allow":["GET"]}}],"collection":[{"href":"https:\/\/asiaingestoria.com\/eu\/wp-json\/wp\/v2\/pages"}],"about":[{"href":"https:\/\/asiaingestoria.com\/eu\/wp-json\/wp\/v2\/types\/page"}],"author":[{"embeddable":true,"href":"https:\/\/asiaingestoria.com\/eu\/wp-json\/wp\/v2\/users\/3"}],"replies":[{"embeddable":true,"href":"https:\/\/asiaingestoria.com\/eu\/wp-json\/wp\/v2\/comments?post=24950"}],"version-history":[{"count":11,"href":"https:\/\/asiaingestoria.com\/eu\/wp-json\/wp\/v2\/pages\/24950\/revisions"}],"predecessor-version":[{"id":25104,"href":"https:\/\/asiaingestoria.com\/eu\/wp-json\/wp\/v2\/pages\/24950\/revisions\/25104"}],"wp:attachment":[{"href":"https:\/\/asiaingestoria.com\/eu\/wp-json\/wp\/v2\/media?parent=24950"}],"curies":[{"name":"wp","href":"https:\/\/api.w.org\/{rel}","templated":true}]}}