{"id":25035,"date":"2025-07-23T10:33:21","date_gmt":"2025-07-23T10:33:21","guid":{"rendered":"https:\/\/asiaingestoria.com\/aviso-legal\/"},"modified":"2025-07-30T08:44:26","modified_gmt":"2025-07-30T08:44:26","slug":"lege-oharra","status":"publish","type":"page","link":"https:\/\/asiaingestoria.com\/eu\/lege-oharra\/","title":{"rendered":"Lege oharra"},"content":{"rendered":"\t\t<div data-elementor-type=\"wp-page\" data-elementor-id=\"25035\" class=\"elementor elementor-25035 elementor-24524\">\n\t\t\t\t<div class=\"elementor-element elementor-element-35bf446 e-flex e-con-boxed e-con e-parent\" data-id=\"35bf446\" data-element_type=\"container\" data-e-type=\"container\" data-settings=\"{&quot;background_background&quot;:&quot;classic&quot;}\">\n\t\t\t\t\t<div class=\"e-con-inner\">\n\t\t<div class=\"elementor-element elementor-element-0dee590 e-con-full e-flex e-con e-child\" data-id=\"0dee590\" data-element_type=\"container\" data-e-type=\"container\">\n\t\t\t\t<div class=\"elementor-element elementor-element-f96d018 animated-fast elementor-invisible elementor-widget elementor-widget-elementskit-heading\" data-id=\"f96d018\" data-element_type=\"widget\" data-e-type=\"widget\" data-settings=\"{&quot;ekit_we_effect_on&quot;:&quot;css&quot;,&quot;_animation&quot;:&quot;fadeIn&quot;,&quot;_animation_delay&quot;:100}\" data-widget_type=\"elementskit-heading.default\">\n\t\t\t\t\t<div class=\"ekit-wid-con\" ><div class=\"ekit-heading elementskit-section-title-wraper text_left   ekit_heading_tablet-   ekit_heading_mobile-\"><h1 class=\"ekit-heading--title elementskit-section-title \">Lege-oharra<\/h1><\/div><\/div>\t\t\t\t<\/div>\n\t\t\t\t<\/div>\n\t\t\t\t\t<\/div>\n\t\t\t\t<\/div>\n\t\t<div class=\"elementor-element elementor-element-1737d1c e-flex e-con-boxed e-con e-parent\" data-id=\"1737d1c\" data-element_type=\"container\" data-e-type=\"container\">\n\t\t\t\t\t<div class=\"e-con-inner\">\n\t\t\t\t<div class=\"elementor-element elementor-element-a2f34de animated-fast elementor-invisible elementor-widget elementor-widget-elementskit-heading\" data-id=\"a2f34de\" data-element_type=\"widget\" data-e-type=\"widget\" data-settings=\"{&quot;_animation&quot;:&quot;fadeIn&quot;,&quot;_animation_delay&quot;:100,&quot;ekit_we_effect_on&quot;:&quot;none&quot;}\" data-widget_type=\"elementskit-heading.default\">\n\t\t\t\t\t<div class=\"ekit-wid-con\" ><div class=\"ekit-heading elementskit-section-title-wraper text_left   ekit_heading_tablet-   ekit_heading_mobile-\"><h3 class=\"ekit-heading--title elementskit-section-title \">Xedea<\/h3><\/div><\/div>\t\t\t\t<\/div>\n\t\t\t\t<div class=\"elementor-element elementor-element-8d3d452 animated-fast elementor-invisible elementor-widget elementor-widget-text-editor\" data-id=\"8d3d452\" data-element_type=\"widget\" data-e-type=\"widget\" data-settings=\"{&quot;_animation&quot;:&quot;fadeIn&quot;,&quot;_animation_delay&quot;:100,&quot;ekit_we_effect_on&quot;:&quot;none&quot;}\" data-widget_type=\"text-editor.default\">\n\t\t\t\t\t\t\t\t\t<p>Zerbitzu-emaileak, webgunearen arduradunak, erabiltzaileen eskura jartzen du dokumentu hau, Informazioaren Gizartearen eta Merkataritza Elektronikoaren Zerbitzuei buruzko 34\/2002 Legean (LSSI-CE) xedatutako betebeharrak betetzeko, bai eta webgunearen erabiltzaile guztiei webgunearen erabilera-baldintzen berri emateko ere.<\/p>\t\t\t\t\t\t\t\t<\/div>\n\t\t\t\t<div class=\"elementor-element elementor-element-c03a906 animated-fast elementor-invisible elementor-widget elementor-widget-text-editor\" data-id=\"c03a906\" data-element_type=\"widget\" data-e-type=\"widget\" data-settings=\"{&quot;_animation&quot;:&quot;fadeIn&quot;,&quot;_animation_delay&quot;:100,&quot;ekit_we_effect_on&quot;:&quot;none&quot;}\" data-widget_type=\"text-editor.default\">\n\t\t\t\t\t\t\t\t\t<p>Webgunera sartzeak berekin dakar erabiltzaileak bere osotasunean ulertzen dituen erabilera-baldintza orokor hauek onartzea. Erabiltzaileak konpromisoa hartzen du webgunea eta bertan eskaintzen diren zerbitzuak legearen aurkako jarduerak egiteko ez erabiltzeko eta une oro baldintza orokor hauek errespetatzeko. Zerbitzu-emaileak edozein unetan eten ahal izango du bere webgunerako sarbidea, baldin eta legearen, fede onaren edo baldintza orokor hauen aurkako erabilera antzematen badu.<\/p>\t\t\t\t\t\t\t\t<\/div>\n\t\t\t\t<div class=\"elementor-element elementor-element-06a4c8c animated-fast elementor-invisible elementor-widget elementor-widget-text-editor\" data-id=\"06a4c8c\" data-element_type=\"widget\" data-e-type=\"widget\" data-settings=\"{&quot;_animation&quot;:&quot;fadeIn&quot;,&quot;_animation_delay&quot;:100,&quot;ekit_we_effect_on&quot;:&quot;none&quot;}\" data-widget_type=\"text-editor.default\">\n\t\t\t\t\t\t\t\t\t<p>Zerbitzu-emaileak beretzat gordetzen du webgunean ager daitekeen edozein informazio aldatzeko eskubidea, eta ez du betebehar horiek aurrez abisatzeko edo erabiltzaileei jakinarazteko betebeharrik. Zerbitzu-emailearen webgunean argitaratzea nahikotzat joko da.<\/p>\t\t\t\t\t\t\t\t<\/div>\n\t\t\t\t<div class=\"elementor-element elementor-element-8f3e643 animated-fast elementor-invisible elementor-widget elementor-widget-elementskit-heading\" data-id=\"8f3e643\" data-element_type=\"widget\" data-e-type=\"widget\" data-settings=\"{&quot;_animation&quot;:&quot;fadeIn&quot;,&quot;_animation_delay&quot;:100,&quot;ekit_we_effect_on&quot;:&quot;none&quot;}\" data-widget_type=\"elementskit-heading.default\">\n\t\t\t\t\t<div class=\"ekit-wid-con\" ><div class=\"ekit-heading elementskit-section-title-wraper text_left   ekit_heading_tablet-   ekit_heading_mobile-\"><h3 class=\"ekit-heading--title elementskit-section-title \">Zerbitzu-emaileari buruz<\/h3><\/div><\/div>\t\t\t\t<\/div>\n\t\t\t\t<div class=\"elementor-element elementor-element-0e69e47 animated-fast elementor-invisible elementor-widget elementor-widget-text-editor\" data-id=\"0e69e47\" data-element_type=\"widget\" data-e-type=\"widget\" data-settings=\"{&quot;_animation&quot;:&quot;fadeIn&quot;,&quot;_animation_delay&quot;:100,&quot;ekit_we_effect_on&quot;:&quot;none&quot;}\" data-widget_type=\"text-editor.default\">\n\t\t\t\t\t\t\t\t\t<p>Webgunearen emaile arduradunak bere identifikazio-datuak eskaintzen dizkie erabiltzaileei, erabiltzailearen konfiantza eta harekiko harremanak hobetzeko.<\/p>\t\t\t\t\t\t\t\t<\/div>\n\t\t\t\t<div class=\"elementor-element elementor-element-06a1eaf animated-fast elementor-invisible elementor-widget elementor-widget-text-editor\" data-id=\"06a1eaf\" data-element_type=\"widget\" data-e-type=\"widget\" data-settings=\"{&quot;_animation&quot;:&quot;fadeIn&quot;,&quot;_animation_delay&quot;:100,&quot;ekit_we_effect_on&quot;:&quot;none&quot;}\" data-widget_type=\"text-editor.default\">\n\t\t\t\t\t\t\t\t\t<p>Sozietatearen izena: Asiain Gestor\u00eda SL<br \/>Helbidea: Enparan kalea, 27 &#8211; BJ, 20730 Azpeitia (Gipuzkoa)<br \/>IFK: B75169078<br \/>Telefonoa: 943 81 11 82<br \/>Posta elektronikoa: info@asiaingestoria.com<br \/>Domeinuaren izena: www.asiaingestoria.com<\/p>\t\t\t\t\t\t\t\t<\/div>\n\t\t\t\t<div class=\"elementor-element elementor-element-63c3a49 animated-fast elementor-invisible elementor-widget elementor-widget-elementskit-heading\" data-id=\"63c3a49\" data-element_type=\"widget\" data-e-type=\"widget\" data-settings=\"{&quot;_animation&quot;:&quot;fadeIn&quot;,&quot;_animation_delay&quot;:100,&quot;ekit_we_effect_on&quot;:&quot;none&quot;}\" data-widget_type=\"elementskit-heading.default\">\n\t\t\t\t\t<div class=\"ekit-wid-con\" ><div class=\"ekit-heading elementskit-section-title-wraper text_left   ekit_heading_tablet-   ekit_heading_mobile-\"><h3 class=\"ekit-heading--title elementskit-section-title \">IP helbideak<\/h3><\/div><\/div>\t\t\t\t<\/div>\n\t\t\t\t<div class=\"elementor-element elementor-element-979ca2f animated-fast elementor-invisible elementor-widget elementor-widget-text-editor\" data-id=\"979ca2f\" data-element_type=\"widget\" data-e-type=\"widget\" data-settings=\"{&quot;_animation&quot;:&quot;fadeIn&quot;,&quot;_animation_delay&quot;:100,&quot;ekit_we_effect_on&quot;:&quot;none&quot;}\" data-widget_type=\"text-editor.default\">\n\t\t\t\t\t\t\t\t\t<p>Webguneko zerbitzariek automatikoki detektatu ahal izango dituzte erabiltzaileak erabilitako IP helbidea eta domeinu-izena. IP helbide bat ordenagailu bati automatikoki esleitutako zenbaki bat da, hura Internetera konektatzen denean. Informazio hori guztia behar bezala inskribatutako zerbitzariaren jarduera-fitxategi batean erregistratzen da. Fitxategi horrek datuak prozesatzea ahalbidetzen du, orrien inprimaketa-kopurua, web-zerbitzuetara egindako bisita-kopurua, bisita-ordena, sarbide-puntua eta abar ezagutzeko aukera ematen duten neurketa estatistikoak soilik lortzeko.<\/p>\t\t\t\t\t\t\t\t<\/div>\n\t\t\t\t<div class=\"elementor-element elementor-element-5721930 animated-fast elementor-invisible elementor-widget elementor-widget-elementskit-heading\" data-id=\"5721930\" data-element_type=\"widget\" data-e-type=\"widget\" data-settings=\"{&quot;_animation&quot;:&quot;fadeIn&quot;,&quot;_animation_delay&quot;:100,&quot;ekit_we_effect_on&quot;:&quot;none&quot;}\" data-widget_type=\"elementskit-heading.default\">\n\t\t\t\t\t<div class=\"ekit-wid-con\" ><div class=\"ekit-heading elementskit-section-title-wraper text_left   ekit_heading_tablet-   ekit_heading_mobile-\"><h3 class=\"ekit-heading--title elementskit-section-title \">Segurtasuna<\/h3><\/div><\/div>\t\t\t\t<\/div>\n\t\t\t\t<div class=\"elementor-element elementor-element-50ddaa2 animated-fast elementor-invisible elementor-widget elementor-widget-text-editor\" data-id=\"50ddaa2\" data-element_type=\"widget\" data-e-type=\"widget\" data-settings=\"{&quot;_animation&quot;:&quot;fadeIn&quot;,&quot;_animation_delay&quot;:100,&quot;ekit_we_effect_on&quot;:&quot;none&quot;}\" data-widget_type=\"text-editor.default\">\n\t\t\t\t\t\t\t\t\t<p>Zerbitzu-emaileak beharrezkoak diren neurri tekniko eta antolaketa-neurri guztiak hartu ditu, datu pertsonalen segurtasuna eta osotasuna bermatzeko, eta baimenik ez duten hirugarrenek datu horiek galtzea, aldatzea eta\/edo eskuratzea saihesteko. Webguneak industrian oro har onartzen diren informazioaren segurtasun-teknikak erabiltzen ditu, hala nola firewall-ak, sarbidea kontrolatzeko prozedurak eta mekanismo kriptografikoak, hori guztia datuetara baimenik gabe sartzea saihesteko. Helburu horiek lortzeko, erabiltzaileak\/bezeroak onartzen du zerbitzu-emaileak datuak lortzea, sarbide-kontrolak kautotzeko.<\/p>\t\t\t\t\t\t\t\t<\/div>\n\t\t\t\t<div class=\"elementor-element elementor-element-06fc787 animated-fast elementor-invisible elementor-widget elementor-widget-elementskit-heading\" data-id=\"06fc787\" data-element_type=\"widget\" data-e-type=\"widget\" data-settings=\"{&quot;_animation&quot;:&quot;fadeIn&quot;,&quot;_animation_delay&quot;:100,&quot;ekit_we_effect_on&quot;:&quot;none&quot;}\" data-widget_type=\"elementskit-heading.default\">\n\t\t\t\t\t<div class=\"ekit-wid-con\" ><div class=\"ekit-heading elementskit-section-title-wraper text_left   ekit_heading_tablet-   ekit_heading_mobile-\"><h3 class=\"ekit-heading--title elementskit-section-title \">Erantzunkizuna<\/h3><\/div><\/div>\t\t\t\t<\/div>\n\t\t\t\t<div class=\"elementor-element elementor-element-03c96a1 animated-fast elementor-invisible elementor-widget elementor-widget-text-editor\" data-id=\"03c96a1\" data-element_type=\"widget\" data-e-type=\"widget\" data-settings=\"{&quot;_animation&quot;:&quot;fadeIn&quot;,&quot;_animation_delay&quot;:100,&quot;ekit_we_effect_on&quot;:&quot;none&quot;}\" data-widget_type=\"text-editor.default\">\n\t\t\t\t\t\t\t\t\t<p>Zerbitzu-emaileak ez du bere webgunean argitaratutako informaziotik eratorritako inolako erantzukizunik izango, baldin eta informazio hori beste hirugarren batek manipulatu edo sartu badu (adibidez, foroetan, txatetan, blogetan, iruzkinetan, etab.). Hala eta guztiz ere, eta EISLn xedatutakoa betez, zerbitzu-emailea erabiltzaile, agintari eta segurtasun-indar guztien eskura jartzen da, nazioko edo nazioarteko legedian, hirugarrenen eskubideetan edo moralean eta ordena publikoan eragina izan dezaketen edo horiek urratzen dituzten eduki guztiak kentzeko edo, hala badagokio, blokeatzeko, eta egitateen berri ematen die agintari eskudunei, beharrezkoa izanez gero.<\/p>\t\t\t\t\t\t\t\t<\/div>\n\t\t\t\t<div class=\"elementor-element elementor-element-e50e8f4 animated-fast elementor-invisible elementor-widget elementor-widget-text-editor\" data-id=\"e50e8f4\" data-element_type=\"widget\" data-e-type=\"widget\" data-settings=\"{&quot;_animation&quot;:&quot;fadeIn&quot;,&quot;_animation_delay&quot;:100,&quot;ekit_we_effect_on&quot;:&quot;none&quot;}\" data-widget_type=\"text-editor.default\">\n\t\t\t\t\t\t\t\t\t<p>Erabiltzaileak uste badu webgunean sailkapen hori izan dezakeen edukiren bat dagoela, mesedez, jakinarazi berehala webgunearen administratzaileari.<\/p>\t\t\t\t\t\t\t\t<\/div>\n\t\t\t\t<div class=\"elementor-element elementor-element-a623abc animated-fast elementor-invisible elementor-widget elementor-widget-text-editor\" data-id=\"a623abc\" data-element_type=\"widget\" data-e-type=\"widget\" data-settings=\"{&quot;_animation&quot;:&quot;fadeIn&quot;,&quot;_animation_delay&quot;:100,&quot;ekit_we_effect_on&quot;:&quot;none&quot;}\" data-widget_type=\"text-editor.default\">\n\t\t\t\t\t\t\t\t\t<p>Webgune hau berrikusi eta probatu da behar bezala funtziona dezan. Hasiera batean, urteko 365 egunetan bermatu daiteke behar bezala funtzionatzen dela, egunean 24 orduz. Hala ere, zerbitzu-emaileak ez du baztertzen programazio-akats batzuk egotea, edo ezinbesteko arrazoiak, hondamendi naturalak, grebak edo antzeko inguruabarrak gertatzea, webgunera sartzea ezinezko egiten dutenak.<\/p>\t\t\t\t\t\t\t\t<\/div>\n\t\t\t\t<div class=\"elementor-element elementor-element-fdb9379 animated-fast elementor-invisible elementor-widget elementor-widget-elementskit-heading\" data-id=\"fdb9379\" data-element_type=\"widget\" data-e-type=\"widget\" data-settings=\"{&quot;_animation&quot;:&quot;fadeIn&quot;,&quot;_animation_delay&quot;:100,&quot;ekit_we_effect_on&quot;:&quot;none&quot;}\" data-widget_type=\"elementskit-heading.default\">\n\t\t\t\t\t<div class=\"ekit-wid-con\" ><div class=\"ekit-heading elementskit-section-title-wraper text_left   ekit_heading_tablet-   ekit_heading_mobile-\"><h3 class=\"ekit-heading--title elementskit-section-title \">Jabetza intelektuala eta industriala<\/h3><\/div><\/div>\t\t\t\t<\/div>\n\t\t\t\t<div class=\"elementor-element elementor-element-b2dc4c2 animated-fast elementor-invisible elementor-widget elementor-widget-text-editor\" data-id=\"b2dc4c2\" data-element_type=\"widget\" data-e-type=\"widget\" data-settings=\"{&quot;_animation&quot;:&quot;fadeIn&quot;,&quot;_animation_delay&quot;:100,&quot;ekit_we_effect_on&quot;:&quot;none&quot;}\" data-widget_type=\"text-editor.default\">\n\t\t\t\t\t\t\t\t\t<p>Web gunea, bere programazioa, edizioa, konpilazioa eta funtzionamendurako beharrezkoak diren gainerako elementuak, diseinuak, logotipoak, testua eta\/edo grafikoak barne hartuta, zerbitzu-emailearen jabetzakoak dira edo, hala badagokio, egileen berariazko lizentzia edo baimena du. Webguneko eduki guztiak jabetza intelektualaren eta industrialaren araudiak behar bezala babesten ditu, eta dagozkien erregistro publikoetan inskribatuta daude. Ugalketa osoa edo partziala egiteko, erabiltzeko, ustiatzeko, banatzeko eta merkaturatzeko, zerbitzu-emaileak aldez aurretik idatzizko baimena eman beharko du. Egileak aldez aurretik baimendu gabeko edozein erabilera egilearen jabetza intelektual edo industrialaren eskubideen ez-betetze larritzat joko da.<\/p>\t\t\t\t\t\t\t\t<\/div>\n\t\t\t\t<div class=\"elementor-element elementor-element-89b1511 animated-fast elementor-invisible elementor-widget elementor-widget-text-editor\" data-id=\"89b1511\" data-element_type=\"widget\" data-e-type=\"widget\" data-settings=\"{&quot;_animation&quot;:&quot;fadeIn&quot;,&quot;_animation_delay&quot;:100,&quot;ekit_we_effect_on&quot;:&quot;none&quot;}\" data-widget_type=\"text-editor.default\">\n\t\t\t\t\t\t\t\t\t<p>Zerbitzu-emailearenak ez diren eta webgunean ager daitezkeen diseinuak, logotipoak, testuak eta\/edo grafikoak haien jabeenak dira, eta beraiek dira horien inguruan sor daitekeen edozein eztabaidaren erantzuleak. Zerbitzu-emaileak jabetza industrialeko eta intelektualeko eskubideak aitortzen dizkie titularrei, eta horrek ez du esan nahi webgunean aipatze edo agertze hutsak ez duela esan nahi zerbitzu-emaileak eskubide edo erantzukizunik duenik eskubide edo erantzukizun horien gainean, ezta zerbitzu-emailearen babesik, babesik edo gomendiorik ere.<\/p>\t\t\t\t\t\t\t\t<\/div>\n\t\t\t\t<div class=\"elementor-element elementor-element-483f952 animated-fast elementor-invisible elementor-widget elementor-widget-elementskit-heading\" data-id=\"483f952\" data-element_type=\"widget\" data-e-type=\"widget\" data-settings=\"{&quot;_animation&quot;:&quot;fadeIn&quot;,&quot;_animation_delay&quot;:100,&quot;ekit_we_effect_on&quot;:&quot;none&quot;}\" data-widget_type=\"elementskit-heading.default\">\n\t\t\t\t\t<div class=\"ekit-wid-con\" ><div class=\"ekit-heading elementskit-section-title-wraper text_left   ekit_heading_tablet-   ekit_heading_mobile-\"><h3 class=\"ekit-heading--title elementskit-section-title \">Lege aplikagarria eta jurisdikzioa<\/h3><\/div><\/div>\t\t\t\t<\/div>\n\t\t\t\t<div class=\"elementor-element elementor-element-b7de261 animated-fast elementor-invisible elementor-widget elementor-widget-text-editor\" data-id=\"b7de261\" data-element_type=\"widget\" data-e-type=\"widget\" data-settings=\"{&quot;_animation&quot;:&quot;fadeIn&quot;,&quot;_animation_delay&quot;:100,&quot;ekit_we_effect_on&quot;:&quot;none&quot;}\" data-widget_type=\"text-editor.default\">\n\t\t\t\t\t\t\t\t\t<p>Webgune honekin edo bertan garatutako jarduerekin zerikusia duten eztabaida edo gai guztiak ebazteko, Espainiako legeria aplikatuko da. Legeria horren mende jartzen dira berariaz alderdiak, eta erabilerarekin zerikusia duten edo horren ondorio diren gatazka guztiak ebazteko eskumena Gipuzkoako Epaitegi eta Auzitegiek izango dute.<\/p>\t\t\t\t\t\t\t\t<\/div>\n\t\t\t\t\t<\/div>\n\t\t\t\t<\/div>\n\t\t\t\t<\/div>\n\t\t","protected":false},"excerpt":{"rendered":"<p>Lege-oharra Xedea Zerbitzu-emaileak, webgunearen arduradunak, erabiltzaileen eskura jartzen du dokumentu hau, Informazioaren Gizartearen eta Merkataritza Elektronikoaren Zerbitzuei buruzko 34\/2002 Legean (LSSI-CE) xedatutako betebeharrak betetzeko, bai eta webgunearen erabiltzaile guztiei webgunearen erabilera-baldintzen berri emateko ere. Webgunera sartzeak berekin dakar erabiltzaileak bere osotasunean ulertzen dituen erabilera-baldintza orokor hauek onartzea. Erabiltzaileak konpromisoa hartzen du webgunea eta bertan eskaintzen [&hellip;]<\/p>\n","protected":false},"author":3,"featured_media":0,"parent":0,"menu_order":101,"comment_status":"closed","ping_status":"closed","template":"","meta":{"footnotes":""},"class_list":["post-25035","page","type-page","status-publish","hentry"],"yoast_head":"<!-- This site is optimized with the Yoast SEO plugin v26.9 - https:\/\/yoast.com\/product\/yoast-seo-wordpress\/ -->\n<title>Lege oharra - Asiain Gestor\u00eda<\/title>\n<meta name=\"robots\" content=\"noindex, nofollow\" \/>\n<meta property=\"og:locale\" content=\"eu_ES\" \/>\n<meta property=\"og:type\" content=\"article\" \/>\n<meta property=\"og:title\" content=\"Lege oharra - Asiain Gestor\u00eda\" \/>\n<meta property=\"og:description\" content=\"Lege-oharra Xedea Zerbitzu-emaileak, webgunearen arduradunak, erabiltzaileen eskura jartzen du dokumentu hau, Informazioaren Gizartearen eta Merkataritza Elektronikoaren Zerbitzuei buruzko 34\/2002 Legean (LSSI-CE) xedatutako betebeharrak betetzeko, bai eta webgunearen erabiltzaile guztiei webgunearen erabilera-baldintzen berri emateko ere. Webgunera sartzeak berekin dakar erabiltzaileak bere osotasunean ulertzen dituen erabilera-baldintza orokor hauek onartzea. Erabiltzaileak konpromisoa hartzen du webgunea eta bertan eskaintzen [&hellip;]\" \/>\n<meta property=\"og:url\" content=\"https:\/\/asiaingestoria.com\/eu\/lege-oharra\/\" \/>\n<meta property=\"og:site_name\" content=\"Asiain Gestor\u00eda\" \/>\n<meta property=\"article:modified_time\" content=\"2025-07-30T08:44:26+00:00\" \/>\n<meta name=\"twitter:card\" content=\"summary_large_image\" \/>\n<meta name=\"twitter:label1\" content=\"Est. reading time\" \/>\n\t<meta name=\"twitter:data1\" content=\"3 minutes\" \/>\n<script type=\"application\/ld+json\" class=\"yoast-schema-graph\">{\"@context\":\"https:\/\/schema.org\",\"@graph\":[{\"@type\":\"WebPage\",\"@id\":\"https:\/\/asiaingestoria.com\/eu\/lege-oharra\/\",\"url\":\"https:\/\/asiaingestoria.com\/eu\/lege-oharra\/\",\"name\":\"Lege oharra - Asiain Gestor\u00eda\",\"isPartOf\":{\"@id\":\"https:\/\/asiaingestoria.com\/#website\"},\"datePublished\":\"2025-07-23T10:33:21+00:00\",\"dateModified\":\"2025-07-30T08:44:26+00:00\",\"breadcrumb\":{\"@id\":\"https:\/\/asiaingestoria.com\/eu\/lege-oharra\/#breadcrumb\"},\"inLanguage\":\"eu-ES\",\"potentialAction\":[{\"@type\":\"ReadAction\",\"target\":[\"https:\/\/asiaingestoria.com\/eu\/lege-oharra\/\"]}]},{\"@type\":\"BreadcrumbList\",\"@id\":\"https:\/\/asiaingestoria.com\/eu\/lege-oharra\/#breadcrumb\",\"itemListElement\":[{\"@type\":\"ListItem\",\"position\":1,\"name\":\"Portada\",\"item\":\"https:\/\/asiaingestoria.com\/eu\/\"},{\"@type\":\"ListItem\",\"position\":2,\"name\":\"Lege oharra\"}]},{\"@type\":\"WebSite\",\"@id\":\"https:\/\/asiaingestoria.com\/#website\",\"url\":\"https:\/\/asiaingestoria.com\/\",\"name\":\"Asiain Gestor\u00eda\",\"description\":\"Tr\u00e1mites r\u00e1pidos y seguros\",\"publisher\":{\"@id\":\"https:\/\/asiaingestoria.com\/#organization\"},\"potentialAction\":[{\"@type\":\"SearchAction\",\"target\":{\"@type\":\"EntryPoint\",\"urlTemplate\":\"https:\/\/asiaingestoria.com\/?s={search_term_string}\"},\"query-input\":{\"@type\":\"PropertyValueSpecification\",\"valueRequired\":true,\"valueName\":\"search_term_string\"}}],\"inLanguage\":\"eu-ES\"},{\"@type\":\"Organization\",\"@id\":\"https:\/\/asiaingestoria.com\/#organization\",\"name\":\"Asiain Gestor\u00eda\",\"url\":\"https:\/\/asiaingestoria.com\/\",\"logo\":{\"@type\":\"ImageObject\",\"inLanguage\":\"eu-ES\",\"@id\":\"https:\/\/asiaingestoria.com\/#\/schema\/logo\/image\/\",\"url\":\"https:\/\/asiaingestoria.com\/wp-content\/uploads\/2023\/11\/LOGO-ASIAIN-1.png\",\"contentUrl\":\"https:\/\/asiaingestoria.com\/wp-content\/uploads\/2023\/11\/LOGO-ASIAIN-1.png\",\"width\":474,\"height\":179,\"caption\":\"Asiain Gestor\u00eda\"},\"image\":{\"@id\":\"https:\/\/asiaingestoria.com\/#\/schema\/logo\/image\/\"}}]}<\/script>\n<!-- \/ Yoast SEO plugin. -->","yoast_head_json":{"title":"Lege oharra - Asiain Gestor\u00eda","robots":{"index":"noindex","follow":"nofollow"},"og_locale":"eu_ES","og_type":"article","og_title":"Lege oharra - Asiain Gestor\u00eda","og_description":"Lege-oharra Xedea Zerbitzu-emaileak, webgunearen arduradunak, erabiltzaileen eskura jartzen du dokumentu hau, Informazioaren Gizartearen eta Merkataritza Elektronikoaren Zerbitzuei buruzko 34\/2002 Legean (LSSI-CE) xedatutako betebeharrak betetzeko, bai eta webgunearen erabiltzaile guztiei webgunearen erabilera-baldintzen berri emateko ere. Webgunera sartzeak berekin dakar erabiltzaileak bere osotasunean ulertzen dituen erabilera-baldintza orokor hauek onartzea. Erabiltzaileak konpromisoa hartzen du webgunea eta bertan eskaintzen [&hellip;]","og_url":"https:\/\/asiaingestoria.com\/eu\/lege-oharra\/","og_site_name":"Asiain Gestor\u00eda","article_modified_time":"2025-07-30T08:44:26+00:00","twitter_card":"summary_large_image","twitter_misc":{"Est. reading time":"3 minutes"},"schema":{"@context":"https:\/\/schema.org","@graph":[{"@type":"WebPage","@id":"https:\/\/asiaingestoria.com\/eu\/lege-oharra\/","url":"https:\/\/asiaingestoria.com\/eu\/lege-oharra\/","name":"Lege oharra - Asiain Gestor\u00eda","isPartOf":{"@id":"https:\/\/asiaingestoria.com\/#website"},"datePublished":"2025-07-23T10:33:21+00:00","dateModified":"2025-07-30T08:44:26+00:00","breadcrumb":{"@id":"https:\/\/asiaingestoria.com\/eu\/lege-oharra\/#breadcrumb"},"inLanguage":"eu-ES","potentialAction":[{"@type":"ReadAction","target":["https:\/\/asiaingestoria.com\/eu\/lege-oharra\/"]}]},{"@type":"BreadcrumbList","@id":"https:\/\/asiaingestoria.com\/eu\/lege-oharra\/#breadcrumb","itemListElement":[{"@type":"ListItem","position":1,"name":"Portada","item":"https:\/\/asiaingestoria.com\/eu\/"},{"@type":"ListItem","position":2,"name":"Lege oharra"}]},{"@type":"WebSite","@id":"https:\/\/asiaingestoria.com\/#website","url":"https:\/\/asiaingestoria.com\/","name":"Asiain Gestor\u00eda","description":"Tr\u00e1mites r\u00e1pidos y seguros","publisher":{"@id":"https:\/\/asiaingestoria.com\/#organization"},"potentialAction":[{"@type":"SearchAction","target":{"@type":"EntryPoint","urlTemplate":"https:\/\/asiaingestoria.com\/?s={search_term_string}"},"query-input":{"@type":"PropertyValueSpecification","valueRequired":true,"valueName":"search_term_string"}}],"inLanguage":"eu-ES"},{"@type":"Organization","@id":"https:\/\/asiaingestoria.com\/#organization","name":"Asiain Gestor\u00eda","url":"https:\/\/asiaingestoria.com\/","logo":{"@type":"ImageObject","inLanguage":"eu-ES","@id":"https:\/\/asiaingestoria.com\/#\/schema\/logo\/image\/","url":"https:\/\/asiaingestoria.com\/wp-content\/uploads\/2023\/11\/LOGO-ASIAIN-1.png","contentUrl":"https:\/\/asiaingestoria.com\/wp-content\/uploads\/2023\/11\/LOGO-ASIAIN-1.png","width":474,"height":179,"caption":"Asiain Gestor\u00eda"},"image":{"@id":"https:\/\/asiaingestoria.com\/#\/schema\/logo\/image\/"}}]}},"_links":{"self":[{"href":"https:\/\/asiaingestoria.com\/eu\/wp-json\/wp\/v2\/pages\/25035","targetHints":{"allow":["GET"]}}],"collection":[{"href":"https:\/\/asiaingestoria.com\/eu\/wp-json\/wp\/v2\/pages"}],"about":[{"href":"https:\/\/asiaingestoria.com\/eu\/wp-json\/wp\/v2\/types\/page"}],"author":[{"embeddable":true,"href":"https:\/\/asiaingestoria.com\/eu\/wp-json\/wp\/v2\/users\/3"}],"replies":[{"embeddable":true,"href":"https:\/\/asiaingestoria.com\/eu\/wp-json\/wp\/v2\/comments?post=25035"}],"version-history":[{"count":1,"href":"https:\/\/asiaingestoria.com\/eu\/wp-json\/wp\/v2\/pages\/25035\/revisions"}],"predecessor-version":[{"id":25036,"href":"https:\/\/asiaingestoria.com\/eu\/wp-json\/wp\/v2\/pages\/25035\/revisions\/25036"}],"wp:attachment":[{"href":"https:\/\/asiaingestoria.com\/eu\/wp-json\/wp\/v2\/media?parent=25035"}],"curies":[{"name":"wp","href":"https:\/\/api.w.org\/{rel}","templated":true}]}}