{"id":25112,"date":"2025-07-30T10:35:55","date_gmt":"2025-07-30T10:35:55","guid":{"rendered":"https:\/\/asiaingestoria.com\/politica-de-cookies\/"},"modified":"2025-08-06T11:25:54","modified_gmt":"2025-08-06T11:25:54","slug":"cookien-politika","status":"publish","type":"page","link":"https:\/\/asiaingestoria.com\/eu\/cookien-politika\/","title":{"rendered":"Cookien politika"},"content":{"rendered":"\t\t<div data-elementor-type=\"wp-page\" data-elementor-id=\"25112\" class=\"elementor elementor-25112 elementor-25110\">\n\t\t\t\t<div class=\"elementor-element elementor-element-e7bedd2 e-flex e-con-boxed e-con e-parent\" data-id=\"e7bedd2\" data-element_type=\"container\" data-e-type=\"container\" data-settings=\"{&quot;background_background&quot;:&quot;classic&quot;}\">\n\t\t\t\t\t<div class=\"e-con-inner\">\n\t\t\t\t<div class=\"elementor-element elementor-element-c45ac5d elementor-widget elementor-widget-elementskit-heading\" data-id=\"c45ac5d\" data-element_type=\"widget\" data-e-type=\"widget\" data-settings=\"{&quot;ekit_we_effect_on&quot;:&quot;none&quot;}\" data-widget_type=\"elementskit-heading.default\">\n\t\t\t\t\t<div class=\"ekit-wid-con\" ><div class=\"ekit-heading elementskit-section-title-wraper text_left   ekit_heading_tablet-   ekit_heading_mobile-\"><h1 class=\"ekit-heading--title elementskit-section-title \">Cookien politika<\/h1><\/div><\/div>\t\t\t\t<\/div>\n\t\t\t\t\t<\/div>\n\t\t\t\t<\/div>\n\t\t<div class=\"elementor-element elementor-element-f82c032 e-flex e-con-boxed e-con e-parent\" data-id=\"f82c032\" data-element_type=\"container\" data-e-type=\"container\">\n\t\t\t\t\t<div class=\"e-con-inner\">\n\t\t\t\t<div class=\"elementor-element elementor-element-97eac1f elementor-widget elementor-widget-html\" data-id=\"97eac1f\" data-element_type=\"widget\" data-e-type=\"widget\" data-settings=\"{&quot;ekit_we_effect_on&quot;:&quot;none&quot;}\" data-widget_type=\"html.default\">\n\t\t\t\t\t<style>\r\n    a.cky-banner-element {\r\n        padding: 8px 30px;\r\n        background: #F8F9FA;\r\n        color: #858A8F;\r\n        border: 1px solid #DEE2E6;\r\n        box-sizing: border-box;\r\n        border-radius: 2px;\r\n        cursor: pointer;\r\n}\r\n<\/style>\r\n<p>\r\n    Indarrean jarritako data: 2025-08-06 <br>\r\n    Azken eguneratzea: 2025-08-06\r\n<\/p>\r\n\r\n&nbsp;\r\n<h5>Zer dira cookieak?<\/h5>\r\n<div class=\"cookie-policy-p\"><p>Cookie Politika honek azaltzen du zer diren cookieak eta nola erabiltzen ditugun, erabiltzen ditugun cookie motak, hau da, cookieak erabiliz biltzen dugun informazioa eta informazio hori nola erabiltzen den, eta zure cookie ezarpenak nola kudeatu.<\/p> <p>Cookieak informazioa gordetzeko erabiltzen diren testu-fitxategi txikiak dira. Zure gailuan gordetzen dira webgunea zure arakatzailean kargatzen denean. Cookie hauek webgunearen errendimendua optimizatzen, seguruagoa egiten, erabiltzaile-esperientzia hobea eskaintzen, bere errendimendua ulertzen eta zein alderdi funtzionatzen duten eta zein hobetu behar diren aztertzen laguntzen digute.<\/p><\/div>\r\n\r\n&nbsp;\r\n<h5>Nola erabiltzen ditugu cookieak?<\/h5>\r\n<div class=\"cookie-policy-p\"><p>Lineako zerbitzu gehienek bezala, gure webguneak lehen mailako eta hirugarrenen cookieak erabiltzen ditu hainbat helburutarako. Lehen mailako cookieak beharrezkoak dira webguneak behar bezala funtziona dezan eta ez dute datu pertsonalik biltzen.<\/p> <p>Gure webgunean erabiltzen diren hirugarrenen cookieak batez ere webguneak nola funtzionatzen duen ulertzeko, nola elkarreragiten duzun harekin, gure zerbitzuak seguru mantentzeko, iragarki garrantzitsuak eskaintzeko eta, oro har, erabiltzaile-esperientzia hobea eskaintzeko eta etorkizunean gure webgunearekin dituzun interakzioak bizkortzen laguntzeko erabiltzen dira.<\/p><\/div>\r\n\r\n&nbsp;\r\n    <h5>Erabiltzen ditugun cookie motak<\/h5>\r\n\r\n    <div class=\"cky-audit-table-element\"><\/div>\r\n\r\n&nbsp;\r\n    <h5 style=\"margin-bottom:20px;\">Cookien ezarpenak kudeatu<\/h5>\r\n\r\n    <a class=\"cky-banner-element\">Cookien ezarpenak<\/a> <br\/>\r\n\r\n    <div><p>Edozein unetan alda ditzakezu zure cookien lehentasunak goiko botoian klik eginez. Horri esker, cookien baimen-bandera berriro ikusi ahal izango duzu eta zure lehentasunak aldatu edo baimena berehala kendu.<\/p><p>Gainera, arakatzaile bakoitzak webguneek erabiltzen dituzten cookieak blokeatzeko eta ezabatzeko metodo desberdinak eskaintzen ditu. Zure arakatzailearen ezarpenak alda ditzakezu cookieak blokeatzeko edo ezabatzeko. Jarraian, web arakatzaile nagusietarako cookieak nola kudeatu eta ezabatu azaltzen duten laguntza-dokumentuen estekak daude.<\/p><p>Chrome: <a href=\"https:\/\/support.google.com\/accounts\/answer\/32050\" rel=\"noopener noreferrer\" target=\"_blank\">https:\/\/support.google.com\/accounts\/answer\/32050<\/a><\/p><p>Safari: <a href=\"https:\/\/support.apple.com\/en-in\/guide\/safari\/sfri11471\/mac\" rel=\"noopener noreferrer\" target=\"_blank\">https:\/\/support.apple.com\/en-in\/guide\/safari\/sfri11471\/mac<\/a><\/p><p>Firefox: <a href=\"https:\/\/support.mozilla.org\/en-US\/kb\/clear-cookies-and-site-data-firefox?redirectslug=delete-cookies-remove-info-websites-stored&redirectlocale=en-US\" rel=\"noopener noreferrer\" target=\"_blank\">https:\/\/support.mozilla.org\/en-US\/kb\/clear-cookies-and-site-data-firefox?redirectslug=delete-cookies-remove-info-websites-stored&redirectlocale=en-US<\/a><\/p><p>Internet Explorer: <a href=\"https:\/\/support.microsoft.com\/en-us\/topic\/how-to-delete-cookie-files-in-internet-explorer-bca9446f-d873-78de-77ba-d42645fa52fc\" rel=\"noopener noreferrer\" target=\"_blank\">https:\/\/support.microsoft.com\/en-us\/topic\/how-to-delete-cookie-files-in-internet-explorer-bca9446f-d873-78de-77ba-d42645fa52fc<\/a><\/p><p>Beste web arakatzaile bat erabiltzen ari bazara, bisitatu zure arakatzailearen laguntza-dokumentu ofizialak.<\/p><\/div>\t\t\t\t<\/div>\n\t\t\t\t\t<\/div>\n\t\t\t\t<\/div>\n\t\t\t\t<\/div>\n\t\t","protected":false},"excerpt":{"rendered":"<p>Cookien politika Indarrean jarritako data: 2025-08-06 Azken eguneratzea: 2025-08-06 &nbsp; Zer dira cookieak? Cookie Politika honek azaltzen du zer diren cookieak eta nola erabiltzen ditugun, erabiltzen ditugun cookie motak, hau da, cookieak erabiliz biltzen dugun informazioa eta informazio hori nola erabiltzen den, eta zure cookie ezarpenak nola kudeatu. Cookieak informazioa gordetzeko erabiltzen diren testu-fitxategi txikiak [&hellip;]<\/p>\n","protected":false},"author":3,"featured_media":0,"parent":0,"menu_order":102,"comment_status":"closed","ping_status":"closed","template":"","meta":{"footnotes":""},"class_list":["post-25112","page","type-page","status-publish","hentry"],"yoast_head":"<!-- This site is optimized with the Yoast SEO plugin v26.9 - https:\/\/yoast.com\/product\/yoast-seo-wordpress\/ -->\n<title>Cookien politika - Asiain Gestor\u00eda<\/title>\n<meta name=\"robots\" content=\"noindex, nofollow\" \/>\n<meta property=\"og:locale\" content=\"eu_ES\" \/>\n<meta property=\"og:type\" content=\"article\" \/>\n<meta property=\"og:title\" content=\"Cookien politika - Asiain Gestor\u00eda\" \/>\n<meta property=\"og:description\" content=\"Cookien politika Indarrean jarritako data: 2025-08-06 Azken eguneratzea: 2025-08-06 &nbsp; Zer dira cookieak? Cookie Politika honek azaltzen du zer diren cookieak eta nola erabiltzen ditugun, erabiltzen ditugun cookie motak, hau da, cookieak erabiliz biltzen dugun informazioa eta informazio hori nola erabiltzen den, eta zure cookie ezarpenak nola kudeatu. Cookieak informazioa gordetzeko erabiltzen diren testu-fitxategi txikiak [&hellip;]\" \/>\n<meta property=\"og:url\" content=\"https:\/\/asiaingestoria.com\/eu\/cookien-politika\/\" \/>\n<meta property=\"og:site_name\" content=\"Asiain Gestor\u00eda\" \/>\n<meta property=\"article:modified_time\" content=\"2025-08-06T11:25:54+00:00\" \/>\n<meta name=\"twitter:card\" content=\"summary_large_image\" \/>\n<meta name=\"twitter:label1\" content=\"Est. reading time\" \/>\n\t<meta name=\"twitter:data1\" content=\"2 minutes\" \/>\n<script type=\"application\/ld+json\" class=\"yoast-schema-graph\">{\"@context\":\"https:\/\/schema.org\",\"@graph\":[{\"@type\":\"WebPage\",\"@id\":\"https:\/\/asiaingestoria.com\/eu\/cookien-politika\/\",\"url\":\"https:\/\/asiaingestoria.com\/eu\/cookien-politika\/\",\"name\":\"Cookien politika - Asiain Gestor\u00eda\",\"isPartOf\":{\"@id\":\"https:\/\/asiaingestoria.com\/#website\"},\"datePublished\":\"2025-07-30T10:35:55+00:00\",\"dateModified\":\"2025-08-06T11:25:54+00:00\",\"breadcrumb\":{\"@id\":\"https:\/\/asiaingestoria.com\/eu\/cookien-politika\/#breadcrumb\"},\"inLanguage\":\"eu-ES\",\"potentialAction\":[{\"@type\":\"ReadAction\",\"target\":[\"https:\/\/asiaingestoria.com\/eu\/cookien-politika\/\"]}]},{\"@type\":\"BreadcrumbList\",\"@id\":\"https:\/\/asiaingestoria.com\/eu\/cookien-politika\/#breadcrumb\",\"itemListElement\":[{\"@type\":\"ListItem\",\"position\":1,\"name\":\"Portada\",\"item\":\"https:\/\/asiaingestoria.com\/eu\/\"},{\"@type\":\"ListItem\",\"position\":2,\"name\":\"Cookien politika\"}]},{\"@type\":\"WebSite\",\"@id\":\"https:\/\/asiaingestoria.com\/#website\",\"url\":\"https:\/\/asiaingestoria.com\/\",\"name\":\"Asiain Gestor\u00eda\",\"description\":\"Tr\u00e1mites r\u00e1pidos y seguros\",\"publisher\":{\"@id\":\"https:\/\/asiaingestoria.com\/#organization\"},\"potentialAction\":[{\"@type\":\"SearchAction\",\"target\":{\"@type\":\"EntryPoint\",\"urlTemplate\":\"https:\/\/asiaingestoria.com\/?s={search_term_string}\"},\"query-input\":{\"@type\":\"PropertyValueSpecification\",\"valueRequired\":true,\"valueName\":\"search_term_string\"}}],\"inLanguage\":\"eu-ES\"},{\"@type\":\"Organization\",\"@id\":\"https:\/\/asiaingestoria.com\/#organization\",\"name\":\"Asiain Gestor\u00eda\",\"url\":\"https:\/\/asiaingestoria.com\/\",\"logo\":{\"@type\":\"ImageObject\",\"inLanguage\":\"eu-ES\",\"@id\":\"https:\/\/asiaingestoria.com\/#\/schema\/logo\/image\/\",\"url\":\"https:\/\/asiaingestoria.com\/wp-content\/uploads\/2023\/11\/LOGO-ASIAIN-1.png\",\"contentUrl\":\"https:\/\/asiaingestoria.com\/wp-content\/uploads\/2023\/11\/LOGO-ASIAIN-1.png\",\"width\":474,\"height\":179,\"caption\":\"Asiain Gestor\u00eda\"},\"image\":{\"@id\":\"https:\/\/asiaingestoria.com\/#\/schema\/logo\/image\/\"}}]}<\/script>\n<!-- \/ Yoast SEO plugin. -->","yoast_head_json":{"title":"Cookien politika - Asiain Gestor\u00eda","robots":{"index":"noindex","follow":"nofollow"},"og_locale":"eu_ES","og_type":"article","og_title":"Cookien politika - Asiain Gestor\u00eda","og_description":"Cookien politika Indarrean jarritako data: 2025-08-06 Azken eguneratzea: 2025-08-06 &nbsp; Zer dira cookieak? Cookie Politika honek azaltzen du zer diren cookieak eta nola erabiltzen ditugun, erabiltzen ditugun cookie motak, hau da, cookieak erabiliz biltzen dugun informazioa eta informazio hori nola erabiltzen den, eta zure cookie ezarpenak nola kudeatu. Cookieak informazioa gordetzeko erabiltzen diren testu-fitxategi txikiak [&hellip;]","og_url":"https:\/\/asiaingestoria.com\/eu\/cookien-politika\/","og_site_name":"Asiain Gestor\u00eda","article_modified_time":"2025-08-06T11:25:54+00:00","twitter_card":"summary_large_image","twitter_misc":{"Est. reading time":"2 minutes"},"schema":{"@context":"https:\/\/schema.org","@graph":[{"@type":"WebPage","@id":"https:\/\/asiaingestoria.com\/eu\/cookien-politika\/","url":"https:\/\/asiaingestoria.com\/eu\/cookien-politika\/","name":"Cookien politika - Asiain Gestor\u00eda","isPartOf":{"@id":"https:\/\/asiaingestoria.com\/#website"},"datePublished":"2025-07-30T10:35:55+00:00","dateModified":"2025-08-06T11:25:54+00:00","breadcrumb":{"@id":"https:\/\/asiaingestoria.com\/eu\/cookien-politika\/#breadcrumb"},"inLanguage":"eu-ES","potentialAction":[{"@type":"ReadAction","target":["https:\/\/asiaingestoria.com\/eu\/cookien-politika\/"]}]},{"@type":"BreadcrumbList","@id":"https:\/\/asiaingestoria.com\/eu\/cookien-politika\/#breadcrumb","itemListElement":[{"@type":"ListItem","position":1,"name":"Portada","item":"https:\/\/asiaingestoria.com\/eu\/"},{"@type":"ListItem","position":2,"name":"Cookien politika"}]},{"@type":"WebSite","@id":"https:\/\/asiaingestoria.com\/#website","url":"https:\/\/asiaingestoria.com\/","name":"Asiain Gestor\u00eda","description":"Tr\u00e1mites r\u00e1pidos y seguros","publisher":{"@id":"https:\/\/asiaingestoria.com\/#organization"},"potentialAction":[{"@type":"SearchAction","target":{"@type":"EntryPoint","urlTemplate":"https:\/\/asiaingestoria.com\/?s={search_term_string}"},"query-input":{"@type":"PropertyValueSpecification","valueRequired":true,"valueName":"search_term_string"}}],"inLanguage":"eu-ES"},{"@type":"Organization","@id":"https:\/\/asiaingestoria.com\/#organization","name":"Asiain Gestor\u00eda","url":"https:\/\/asiaingestoria.com\/","logo":{"@type":"ImageObject","inLanguage":"eu-ES","@id":"https:\/\/asiaingestoria.com\/#\/schema\/logo\/image\/","url":"https:\/\/asiaingestoria.com\/wp-content\/uploads\/2023\/11\/LOGO-ASIAIN-1.png","contentUrl":"https:\/\/asiaingestoria.com\/wp-content\/uploads\/2023\/11\/LOGO-ASIAIN-1.png","width":474,"height":179,"caption":"Asiain Gestor\u00eda"},"image":{"@id":"https:\/\/asiaingestoria.com\/#\/schema\/logo\/image\/"}}]}},"_links":{"self":[{"href":"https:\/\/asiaingestoria.com\/eu\/wp-json\/wp\/v2\/pages\/25112","targetHints":{"allow":["GET"]}}],"collection":[{"href":"https:\/\/asiaingestoria.com\/eu\/wp-json\/wp\/v2\/pages"}],"about":[{"href":"https:\/\/asiaingestoria.com\/eu\/wp-json\/wp\/v2\/types\/page"}],"author":[{"embeddable":true,"href":"https:\/\/asiaingestoria.com\/eu\/wp-json\/wp\/v2\/users\/3"}],"replies":[{"embeddable":true,"href":"https:\/\/asiaingestoria.com\/eu\/wp-json\/wp\/v2\/comments?post=25112"}],"version-history":[{"count":6,"href":"https:\/\/asiaingestoria.com\/eu\/wp-json\/wp\/v2\/pages\/25112\/revisions"}],"predecessor-version":[{"id":25189,"href":"https:\/\/asiaingestoria.com\/eu\/wp-json\/wp\/v2\/pages\/25112\/revisions\/25189"}],"wp:attachment":[{"href":"https:\/\/asiaingestoria.com\/eu\/wp-json\/wp\/v2\/media?parent=25112"}],"curies":[{"name":"wp","href":"https:\/\/api.w.org\/{rel}","templated":true}]}}